{"id":1621,"date":"2024-05-15T10:58:32","date_gmt":"2024-05-15T14:58:32","guid":{"rendered":"https:\/\/centrixeu.wpenginepowered.com\/de\/?post_type=product&#038;p=1621"},"modified":"2025-11-05T14:33:57","modified_gmt":"2025-11-05T18:33:57","slug":"benda-mikrofaser-applikatoren-x-fine","status":"publish","type":"product","link":"https:\/\/www.centrixdental.eu\/de\/produkt\/benda-mikrofaser-applikatoren-x-fine\/","title":{"rendered":"Benda Mikrofaser-Applikatoren X-Fine"},"content":{"rendered":"<h4>Pr\u00e4zisions- Einweg-Mikrofaser-Applikatoren<\/h4>\n<p>Benda Micro-Applikatoren erm\u00f6glichen eine pr\u00e4zise Applizierung in engen Arealen. Der einzigartige Benda Micro-Kopf biegt sich in den Winkel, den Sie f\u00fcr die tropfenweise Applikation von Haftvermittlern, h\u00e4mostatischen L\u00f6sungen, Kavit\u00e4tenlinern und anderen niedrigvisk\u00f6sen Fl\u00fcssigkeiten ben\u00f6tigen. W\u00e4hlen Sie aus unseren einendigen oder doppelendigen &#8222;Twin&#8220;-Modellen f\u00fcr die pr\u00e4zise Applikation in Kavit\u00e4tenpr\u00e4parationen, Wurzelstiftkavit\u00e4ten und Wurzelkan\u00e4len. Beide Modelle zeichnen sich durch nicht fusselnde Fasern aus, die sich perfekt zum Pinseln eignen, ohne Materialien zu verunreinigen. Der breitere Griff ist leichter zu fassen und zu handhaben. Benda Micros biegen sich in jeden Winkel ohne zur\u00fcckzufedern und sind einfarbig oder farblich sortiert erh\u00e4ltlich. Sie sind in 3 Gr\u00f6\u00dfen f\u00fcr kleine, mittlere und gr\u00f6\u00dfere Anwendungen erh\u00e4ltlich.<\/p>\n<ul>\n<li>Doppelendiger Micro-Applikator, teilbarer Griff<\/li>\n<li>Extrafeine Spitze (1,0 mm), wei\u00dfe Spitze<\/li>\n<li>Ideal f\u00fcr 2-stufige Behandlungsverfahren<\/li>\n<li>Hergestellt in den USA<\/li>\n<li>Perfekt, wenn Sie nur einen Tropfen brauchen.<\/li>\n<\/ul>\n","protected":false},"excerpt":{"rendered":"<p>Pr\u00e4zisions- Einweg-Mikrofaser-Applikatoren Benda Micro-Applikatoren erm\u00f6glichen eine pr\u00e4zise Applizierung in engen Arealen. Der einzigartige Benda Micro-Kopf biegt sich in den Winkel, [&hellip;]<\/p>\n","protected":false},"featured_media":1811,"comment_status":"open","ping_status":"closed","template":"","meta":{"_acf_changed":false,"content-type":"","site-sidebar-layout":"default","site-content-layout":"","ast-site-content-layout":"default","site-content-style":"default","site-sidebar-style":"default","ast-global-header-display":"","ast-banner-title-visibility":"","ast-main-header-display":"","ast-hfb-above-header-display":"","ast-hfb-below-header-display":"","ast-hfb-mobile-header-display":"","site-post-title":"","ast-breadcrumbs-content":"","ast-featured-img":"","footer-sml-layout":"","ast-disable-related-posts":"","theme-transparent-header-meta":"default","adv-header-id-meta":"","stick-header-meta":"","header-above-stick-meta":"","header-main-stick-meta":"","header-below-stick-meta":"","astra-migrate-meta-layouts":"set","ast-page-background-enabled":"default","ast-page-background-meta":{"desktop":{"background-color":"var(--ast-global-color-4)","background-image":"","background-repeat":"repeat","background-position":"center center","background-size":"auto","background-attachment":"scroll","background-type":"","background-media":"","overlay-type":"","overlay-color":"","overlay-opacity":"","overlay-gradient":""},"tablet":{"background-color":"","background-image":"","background-repeat":"repeat","background-position":"center center","background-size":"auto","background-attachment":"scroll","background-type":"","background-media":"","overlay-type":"","overlay-color":"","overlay-opacity":"","overlay-gradient":""},"mobile":{"background-color":"","background-image":"","background-repeat":"repeat","background-position":"center center","background-size":"auto","background-attachment":"scroll","background-type":"","background-media":"","overlay-type":"","overlay-color":"","overlay-opacity":"","overlay-gradient":""}},"ast-content-background-meta":{"desktop":{"background-color":"var(--ast-global-color-5)","background-image":"","background-repeat":"repeat","background-position":"center center","background-size":"auto","background-attachment":"scroll","background-type":"","background-media":"","overlay-type":"","overlay-color":"","overlay-opacity":"","overlay-gradient":""},"tablet":{"background-color":"var(--ast-global-color-5)","background-image":"","background-repeat":"repeat","background-position":"center center","background-size":"auto","background-attachment":"scroll","background-type":"","background-media":"","overlay-type":"","overlay-color":"","overlay-opacity":"","overlay-gradient":""},"mobile":{"background-color":"var(--ast-global-color-5)","background-image":"","background-repeat":"repeat","background-position":"center center","background-size":"auto","background-attachment":"scroll","background-type":"","background-media":"","overlay-type":"","overlay-color":"","overlay-opacity":"","overlay-gradient":""}},"ep_exclude_from_search":false},"product_brand":[],"product_cat":[68,84,148],"product_tag":[],"class_list":{"0":"post-1621","1":"product","2":"type-product","3":"status-publish","4":"has-post-thumbnail","6":"product_cat-applikationssysteme","7":"product_cat-benda-mikrofaser-applikatoren","8":"product_cat-einzeldosisprodukte","9":"desktop-align-left","10":"tablet-align-left","11":"mobile-align-left","13":"first","14":"instock","15":"taxable","16":"shipping-taxable","17":"purchasable","18":"product-type-variable"},"acf":[],"yoast_head":"<!-- This site is optimized with the Yoast SEO Premium plugin v25.4 (Yoast SEO v27.4) - https:\/\/yoast.com\/product\/yoast-seo-premium-wordpress\/ -->\n<title>Benda Mikrofaser-Applikatoren X-Fine - Centrix DE<\/title>\n<meta name=\"robots\" content=\"index, follow, max-snippet:-1, max-image-preview:large, max-video-preview:-1\" \/>\n<link rel=\"canonical\" href=\"https:\/\/www.centrixdental.eu\/de\/produkt\/benda-mikrofaser-applikatoren-x-fine\/\" \/>\n<meta property=\"og:locale\" content=\"de_DE\" \/>\n<meta property=\"og:type\" content=\"article\" \/>\n<meta property=\"og:title\" content=\"Benda Mikrofaser-Applikatoren X-Fine\" \/>\n<meta property=\"og:description\" content=\"Pr\u00e4zisions- Einweg-Mikrofaser-Applikatoren Benda Micro-Applikatoren erm\u00f6glichen eine pr\u00e4zise Applizierung in engen Arealen. Der einzigartige Benda Micro-Kopf biegt sich in den Winkel, [&hellip;]\" \/>\n<meta property=\"og:url\" content=\"https:\/\/www.centrixdental.eu\/de\/produkt\/benda-mikrofaser-applikatoren-x-fine\/\" \/>\n<meta property=\"og:site_name\" content=\"Centrix DE\" \/>\n<meta property=\"article:publisher\" content=\"https:\/\/www.facebook.com\/centrixdentalemea\" \/>\n<meta property=\"article:modified_time\" content=\"2025-11-05T18:33:57+00:00\" \/>\n<meta property=\"og:image\" content=\"https:\/\/www.centrixdental.eu\/de\/wp-content\/uploads\/sites\/10\/2024\/05\/benda-micro-extra-fine.png?ver=1720731456\" \/>\n\t<meta property=\"og:image:width\" content=\"1260\" \/>\n\t<meta property=\"og:image:height\" content=\"1260\" \/>\n\t<meta property=\"og:image:type\" content=\"image\/png\" \/>\n<meta name=\"twitter:card\" content=\"summary_large_image\" \/>\n<meta name=\"twitter:label1\" content=\"Verf\u00fcgbarkeit\" \/>\n\t<meta name=\"twitter:data1\" content=\"Auf Lager\" \/>\n<script type=\"application\/ld+json\" class=\"yoast-schema-graph\">{\"@context\":\"https:\\\/\\\/schema.org\",\"@graph\":[{\"@type\":[\"WebPage\",\"ItemPage\"],\"@id\":\"https:\\\/\\\/www.centrixdental.eu\\\/de\\\/produkt\\\/benda-mikrofaser-applikatoren-x-fine\\\/\",\"url\":\"https:\\\/\\\/www.centrixdental.eu\\\/de\\\/produkt\\\/benda-mikrofaser-applikatoren-x-fine\\\/\",\"name\":\"Benda Mikrofaser-Applikatoren X-Fine - Centrix DE\",\"isPartOf\":{\"@id\":\"https:\\\/\\\/www.centrixdental.eu\\\/de\\\/#website\"},\"primaryImageOfPage\":{\"@id\":\"https:\\\/\\\/www.centrixdental.eu\\\/de\\\/produkt\\\/benda-mikrofaser-applikatoren-x-fine\\\/#primaryimage\"},\"image\":{\"@id\":\"https:\\\/\\\/www.centrixdental.eu\\\/de\\\/produkt\\\/benda-mikrofaser-applikatoren-x-fine\\\/#primaryimage\"},\"thumbnailUrl\":\"https:\\\/\\\/www.centrixdental.eu\\\/de\\\/wp-content\\\/uploads\\\/sites\\\/10\\\/2024\\\/05\\\/benda-micro-extra-fine.png?ver=1720731456\",\"datePublished\":\"2024-05-15T14:58:32+00:00\",\"dateModified\":\"2025-11-05T18:33:57+00:00\",\"breadcrumb\":{\"@id\":\"https:\\\/\\\/www.centrixdental.eu\\\/de\\\/produkt\\\/benda-mikrofaser-applikatoren-x-fine\\\/#breadcrumb\"},\"inLanguage\":\"de-DE\",\"potentialAction\":[{\"@type\":\"ReadAction\",\"target\":[\"https:\\\/\\\/www.centrixdental.eu\\\/de\\\/produkt\\\/benda-mikrofaser-applikatoren-x-fine\\\/\"]}]},{\"@type\":\"ImageObject\",\"inLanguage\":\"de-DE\",\"@id\":\"https:\\\/\\\/www.centrixdental.eu\\\/de\\\/produkt\\\/benda-mikrofaser-applikatoren-x-fine\\\/#primaryimage\",\"url\":\"https:\\\/\\\/www.centrixdental.eu\\\/de\\\/wp-content\\\/uploads\\\/sites\\\/10\\\/2024\\\/05\\\/benda-micro-extra-fine.png?ver=1720731456\",\"contentUrl\":\"https:\\\/\\\/www.centrixdental.eu\\\/de\\\/wp-content\\\/uploads\\\/sites\\\/10\\\/2024\\\/05\\\/benda-micro-extra-fine.png?ver=1720731456\",\"width\":1260,\"height\":1260},{\"@type\":\"BreadcrumbList\",\"@id\":\"https:\\\/\\\/www.centrixdental.eu\\\/de\\\/produkt\\\/benda-mikrofaser-applikatoren-x-fine\\\/#breadcrumb\",\"itemListElement\":[{\"@type\":\"ListItem\",\"position\":1,\"name\":\"Home\",\"item\":\"https:\\\/\\\/www.centrixdental.eu\\\/de\\\/\"},{\"@type\":\"ListItem\",\"position\":2,\"name\":\"Shop All\",\"item\":\"https:\\\/\\\/www.centrixdental.eu\\\/de\\\/produkte\\\/\"},{\"@type\":\"ListItem\",\"position\":3,\"name\":\"Benda Mikrofaser-Applikatoren X-Fine\"}]},{\"@type\":\"WebSite\",\"@id\":\"https:\\\/\\\/www.centrixdental.eu\\\/de\\\/#website\",\"url\":\"https:\\\/\\\/www.centrixdental.eu\\\/de\\\/\",\"name\":\"Centrix Dental Deutschland\",\"description\":\"Making dentistry easier\u2122\",\"publisher\":{\"@id\":\"https:\\\/\\\/www.centrixdental.eu\\\/de\\\/#organization\"},\"potentialAction\":[{\"@type\":\"SearchAction\",\"target\":{\"@type\":\"EntryPoint\",\"urlTemplate\":\"https:\\\/\\\/www.centrixdental.eu\\\/de\\\/?s={search_term_string}\"},\"query-input\":{\"@type\":\"PropertyValueSpecification\",\"valueRequired\":true,\"valueName\":\"search_term_string\"}}],\"inLanguage\":\"de-DE\"},{\"@type\":\"Organization\",\"@id\":\"https:\\\/\\\/www.centrixdental.eu\\\/de\\\/#organization\",\"name\":\"Centrix\",\"url\":\"https:\\\/\\\/www.centrixdental.eu\\\/de\\\/\",\"logo\":{\"@type\":\"ImageObject\",\"inLanguage\":\"de-DE\",\"@id\":\"https:\\\/\\\/www.centrixdental.eu\\\/de\\\/#\\\/schema\\\/logo\\\/image\\\/\",\"url\":\"https:\\\/\\\/www.centrixdental.eu\\\/de\\\/wp-content\\\/uploads\\\/sites\\\/10\\\/2024\\\/05\\\/centrix-making-dentistry-easier.png?ver=1719584090\",\"contentUrl\":\"https:\\\/\\\/www.centrixdental.eu\\\/de\\\/wp-content\\\/uploads\\\/sites\\\/10\\\/2024\\\/05\\\/centrix-making-dentistry-easier.png?ver=1719584090\",\"width\":300,\"height\":53,\"caption\":\"Centrix\"},\"image\":{\"@id\":\"https:\\\/\\\/www.centrixdental.eu\\\/de\\\/#\\\/schema\\\/logo\\\/image\\\/\"},\"sameAs\":[\"https:\\\/\\\/www.facebook.com\\\/centrixdentalemea\",\"https:\\\/\\\/www.instagram.com\\\/centrixdental_emea\\\/\"]}]}<\/script>\n<meta property=\"og:availability\" content=\"instock\" \/>\n<meta property=\"product:availability\" content=\"instock\" \/>\n<meta property=\"product:condition\" content=\"new\" \/>\n<!-- \/ Yoast SEO Premium plugin. -->","yoast_head_json":{"title":"Benda Mikrofaser-Applikatoren X-Fine - Centrix DE","robots":{"index":"index","follow":"follow","max-snippet":"max-snippet:-1","max-image-preview":"max-image-preview:large","max-video-preview":"max-video-preview:-1"},"canonical":"https:\/\/www.centrixdental.eu\/de\/produkt\/benda-mikrofaser-applikatoren-x-fine\/","og_locale":"de_DE","og_type":"article","og_title":"Benda Mikrofaser-Applikatoren X-Fine","og_description":"Pr\u00e4zisions- Einweg-Mikrofaser-Applikatoren Benda Micro-Applikatoren erm\u00f6glichen eine pr\u00e4zise Applizierung in engen Arealen. Der einzigartige Benda Micro-Kopf biegt sich in den Winkel, [&hellip;]","og_url":"https:\/\/www.centrixdental.eu\/de\/produkt\/benda-mikrofaser-applikatoren-x-fine\/","og_site_name":"Centrix DE","article_publisher":"https:\/\/www.facebook.com\/centrixdentalemea","article_modified_time":"2025-11-05T18:33:57+00:00","og_image":[{"width":1260,"height":1260,"url":"https:\/\/www.centrixdental.eu\/de\/wp-content\/uploads\/sites\/10\/2024\/05\/benda-micro-extra-fine.png?ver=1720731456","type":"image\/png"}],"twitter_card":"summary_large_image","twitter_misc":{"Verf\u00fcgbarkeit":"Auf Lager"},"schema":{"@context":"https:\/\/schema.org","@graph":[{"@type":["WebPage","ItemPage"],"@id":"https:\/\/www.centrixdental.eu\/de\/produkt\/benda-mikrofaser-applikatoren-x-fine\/","url":"https:\/\/www.centrixdental.eu\/de\/produkt\/benda-mikrofaser-applikatoren-x-fine\/","name":"Benda Mikrofaser-Applikatoren X-Fine - Centrix DE","isPartOf":{"@id":"https:\/\/www.centrixdental.eu\/de\/#website"},"primaryImageOfPage":{"@id":"https:\/\/www.centrixdental.eu\/de\/produkt\/benda-mikrofaser-applikatoren-x-fine\/#primaryimage"},"image":{"@id":"https:\/\/www.centrixdental.eu\/de\/produkt\/benda-mikrofaser-applikatoren-x-fine\/#primaryimage"},"thumbnailUrl":"https:\/\/www.centrixdental.eu\/de\/wp-content\/uploads\/sites\/10\/2024\/05\/benda-micro-extra-fine.png?ver=1720731456","datePublished":"2024-05-15T14:58:32+00:00","dateModified":"2025-11-05T18:33:57+00:00","breadcrumb":{"@id":"https:\/\/www.centrixdental.eu\/de\/produkt\/benda-mikrofaser-applikatoren-x-fine\/#breadcrumb"},"inLanguage":"de-DE","potentialAction":[{"@type":"ReadAction","target":["https:\/\/www.centrixdental.eu\/de\/produkt\/benda-mikrofaser-applikatoren-x-fine\/"]}]},{"@type":"ImageObject","inLanguage":"de-DE","@id":"https:\/\/www.centrixdental.eu\/de\/produkt\/benda-mikrofaser-applikatoren-x-fine\/#primaryimage","url":"https:\/\/www.centrixdental.eu\/de\/wp-content\/uploads\/sites\/10\/2024\/05\/benda-micro-extra-fine.png?ver=1720731456","contentUrl":"https:\/\/www.centrixdental.eu\/de\/wp-content\/uploads\/sites\/10\/2024\/05\/benda-micro-extra-fine.png?ver=1720731456","width":1260,"height":1260},{"@type":"BreadcrumbList","@id":"https:\/\/www.centrixdental.eu\/de\/produkt\/benda-mikrofaser-applikatoren-x-fine\/#breadcrumb","itemListElement":[{"@type":"ListItem","position":1,"name":"Home","item":"https:\/\/www.centrixdental.eu\/de\/"},{"@type":"ListItem","position":2,"name":"Shop All","item":"https:\/\/www.centrixdental.eu\/de\/produkte\/"},{"@type":"ListItem","position":3,"name":"Benda Mikrofaser-Applikatoren X-Fine"}]},{"@type":"WebSite","@id":"https:\/\/www.centrixdental.eu\/de\/#website","url":"https:\/\/www.centrixdental.eu\/de\/","name":"Centrix Dental Deutschland","description":"Making dentistry easier\u2122","publisher":{"@id":"https:\/\/www.centrixdental.eu\/de\/#organization"},"potentialAction":[{"@type":"SearchAction","target":{"@type":"EntryPoint","urlTemplate":"https:\/\/www.centrixdental.eu\/de\/?s={search_term_string}"},"query-input":{"@type":"PropertyValueSpecification","valueRequired":true,"valueName":"search_term_string"}}],"inLanguage":"de-DE"},{"@type":"Organization","@id":"https:\/\/www.centrixdental.eu\/de\/#organization","name":"Centrix","url":"https:\/\/www.centrixdental.eu\/de\/","logo":{"@type":"ImageObject","inLanguage":"de-DE","@id":"https:\/\/www.centrixdental.eu\/de\/#\/schema\/logo\/image\/","url":"https:\/\/www.centrixdental.eu\/de\/wp-content\/uploads\/sites\/10\/2024\/05\/centrix-making-dentistry-easier.png?ver=1719584090","contentUrl":"https:\/\/www.centrixdental.eu\/de\/wp-content\/uploads\/sites\/10\/2024\/05\/centrix-making-dentistry-easier.png?ver=1719584090","width":300,"height":53,"caption":"Centrix"},"image":{"@id":"https:\/\/www.centrixdental.eu\/de\/#\/schema\/logo\/image\/"},"sameAs":["https:\/\/www.facebook.com\/centrixdentalemea","https:\/\/www.instagram.com\/centrixdental_emea\/"]}]},"og_availability":"instock","product_availability":"instock","product_condition":"new"},"_links":{"self":[{"href":"https:\/\/www.centrixdental.eu\/de\/wp-json\/wp\/v2\/product\/1621","targetHints":{"allow":["GET"]}}],"collection":[{"href":"https:\/\/www.centrixdental.eu\/de\/wp-json\/wp\/v2\/product"}],"about":[{"href":"https:\/\/www.centrixdental.eu\/de\/wp-json\/wp\/v2\/types\/product"}],"replies":[{"embeddable":true,"href":"https:\/\/www.centrixdental.eu\/de\/wp-json\/wp\/v2\/comments?post=1621"}],"version-history":[{"count":0,"href":"https:\/\/www.centrixdental.eu\/de\/wp-json\/wp\/v2\/product\/1621\/revisions"}],"wp:featuredmedia":[{"embeddable":true,"href":"https:\/\/www.centrixdental.eu\/de\/wp-json\/wp\/v2\/media\/1811"}],"wp:attachment":[{"href":"https:\/\/www.centrixdental.eu\/de\/wp-json\/wp\/v2\/media?parent=1621"}],"wp:term":[{"taxonomy":"product_brand","embeddable":true,"href":"https:\/\/www.centrixdental.eu\/de\/wp-json\/wp\/v2\/product_brand?post=1621"},{"taxonomy":"product_cat","embeddable":true,"href":"https:\/\/www.centrixdental.eu\/de\/wp-json\/wp\/v2\/product_cat?post=1621"},{"taxonomy":"product_tag","embeddable":true,"href":"https:\/\/www.centrixdental.eu\/de\/wp-json\/wp\/v2\/product_tag?post=1621"}],"curies":[{"name":"wp","href":"https:\/\/api.w.org\/{rel}","templated":true}]}}