{"id":1538,"date":"2024-05-14T13:22:05","date_gmt":"2024-05-14T17:22:05","guid":{"rendered":"https:\/\/centrixeu.wpenginepowered.com\/de\/?post_type=product&#038;p=1538"},"modified":"2025-11-05T16:34:31","modified_gmt":"2025-11-05T20:34:31","slug":"supermixer","status":"publish","type":"product","link":"https:\/\/www.centrixdental.eu\/de\/produkt\/supermixer\/","title":{"rendered":"SuperMixer"},"content":{"rendered":"<h3>Hocheffiziente Mischkan\u00fclen sorgen f\u00fcr weniger Materialverlust!<\/h3>\n<p>Centrix SuperMixer sind leistungsstarke Mischkan\u00fclen auf der Basis einer neuen Mischtechnologie, benutzerfreundlichem Design und bis zu 33% Materialersparnis.<\/p>\n<ul>\n<li>Ca. 25% k\u00fcrzere Mischkan\u00fclen erleichtern den intraoralen Zugang<br \/>\nBis zu 33% weniger Materialverlust<br \/>\nErm\u00f6glicht eine noch bessere und effektivere Mischung<br \/>\nErsetzt alle 1:1-Mischkan\u00fclen &#8211; gleiche Farbe f\u00fcr gleiche Farbe<br \/>\nEntwickelt f\u00fcr das 1:1-Automixsystem<\/li>\n<\/ul>\n<p>Reduzieren Sie den Materialverlust und erhalten Sie mehr Anwendungen aus jedem Material.<\/p>\n<p>&nbsp;<\/p>\n<table class=\"table alt table-hover comp\">\n<tbody>\n<tr class=\"first\">\n<th>Farbe Bajonettverschluss<\/th>\n<th>Typische Anwendungen<\/th>\n<th>Materialersparnis \u00d8<sup>1<\/sup><\/th>\n<th>Zus\u00e4tzliche Anwendungen \u00d8<sup>2<\/sup><\/th>\n<th>Materialgewinn<\/th>\n<\/tr>\n<tr>\n<td>Blau<\/td>\n<td>Prov. Kronen und Br\u00fccken<\/td>\n<td>38%<\/td>\n<td>31<\/td>\n<td>69%<\/td>\n<\/tr>\n<tr>\n<td>Gelb<\/td>\n<td>Stumpfaufbau<\/td>\n<td>29%<\/td>\n<td>22<\/td>\n<td>28%<\/td>\n<\/tr>\n<tr>\n<td>Rosa<\/td>\n<td>Retraktion<\/td>\n<td>30%<\/td>\n<td>10<\/td>\n<td>34%<\/td>\n<\/tr>\n<tr>\n<td>T\u00fcrkis<\/td>\n<td>Abformung<\/td>\n<td>28%<\/td>\n<td>2<sup>\u2020<\/sup><\/td>\n<td>22%<\/td>\n<\/tr>\n<\/tbody>\n<\/table>\n<p><small>1. Durchschnittliche Materialersparnis im Vergleich zu herk\u00f6mmlichen Mischkan\u00fclen, pro 50 ml Kartusche bei Verwendung von Centrix-Materialien. Die Ergebnisse k\u00f6nnen je nach Material variieren.<br \/>\n2. Durchschnittliche Anzahl zus\u00e4tzlicher Stumpfaufbauten pro 50 ml \/ 76 g. Kartusche.<br \/>\n\u2020 Bissregistrierung aus 2 Kartuschen<\/small><\/p>\n","protected":false},"excerpt":{"rendered":"<p>Hocheffiziente Mischkan\u00fclen sorgen f\u00fcr weniger Materialverlust! Centrix SuperMixer sind leistungsstarke Mischkan\u00fclen auf der Basis einer neuen Mischtechnologie, benutzerfreundlichem Design und [&hellip;]<\/p>\n","protected":false},"featured_media":1800,"comment_status":"open","ping_status":"closed","template":"","meta":{"_acf_changed":false,"content-type":"","site-sidebar-layout":"default","site-content-layout":"","ast-site-content-layout":"default","site-content-style":"default","site-sidebar-style":"default","ast-global-header-display":"","ast-banner-title-visibility":"","ast-main-header-display":"","ast-hfb-above-header-display":"","ast-hfb-below-header-display":"","ast-hfb-mobile-header-display":"","site-post-title":"","ast-breadcrumbs-content":"","ast-featured-img":"","footer-sml-layout":"","ast-disable-related-posts":"","theme-transparent-header-meta":"default","adv-header-id-meta":"","stick-header-meta":"","header-above-stick-meta":"","header-main-stick-meta":"","header-below-stick-meta":"","astra-migrate-meta-layouts":"set","ast-page-background-enabled":"default","ast-page-background-meta":{"desktop":{"background-color":"var(--ast-global-color-4)","background-image":"","background-repeat":"repeat","background-position":"center center","background-size":"auto","background-attachment":"scroll","background-type":"","background-media":"","overlay-type":"","overlay-color":"","overlay-opacity":"","overlay-gradient":""},"tablet":{"background-color":"","background-image":"","background-repeat":"repeat","background-position":"center center","background-size":"auto","background-attachment":"scroll","background-type":"","background-media":"","overlay-type":"","overlay-color":"","overlay-opacity":"","overlay-gradient":""},"mobile":{"background-color":"","background-image":"","background-repeat":"repeat","background-position":"center center","background-size":"auto","background-attachment":"scroll","background-type":"","background-media":"","overlay-type":"","overlay-color":"","overlay-opacity":"","overlay-gradient":""}},"ast-content-background-meta":{"desktop":{"background-color":"var(--ast-global-color-5)","background-image":"","background-repeat":"repeat","background-position":"center center","background-size":"auto","background-attachment":"scroll","background-type":"","background-media":"","overlay-type":"","overlay-color":"","overlay-opacity":"","overlay-gradient":""},"tablet":{"background-color":"var(--ast-global-color-5)","background-image":"","background-repeat":"repeat","background-position":"center center","background-size":"auto","background-attachment":"scroll","background-type":"","background-media":"","overlay-type":"","overlay-color":"","overlay-opacity":"","overlay-gradient":""},"mobile":{"background-color":"var(--ast-global-color-5)","background-image":"","background-repeat":"repeat","background-position":"center center","background-size":"auto","background-attachment":"scroll","background-type":"","background-media":"","overlay-type":"","overlay-color":"","overlay-opacity":"","overlay-gradient":""}},"ep_exclude_from_search":false},"product_brand":[],"product_cat":[68,148],"product_tag":[],"class_list":{"0":"post-1538","1":"product","2":"type-product","3":"status-publish","4":"has-post-thumbnail","6":"product_cat-applikationssysteme","7":"product_cat-einzeldosisprodukte","8":"desktop-align-left","9":"tablet-align-left","10":"mobile-align-left","12":"first","13":"instock","14":"featured","15":"taxable","16":"shipping-taxable","17":"purchasable","18":"product-type-variable"},"acf":[],"yoast_head":"<!-- This site is optimized with the Yoast SEO Premium plugin v25.4 (Yoast SEO v27.4) - https:\/\/yoast.com\/product\/yoast-seo-premium-wordpress\/ -->\n<title>SuperMixer - Centrix DE<\/title>\n<meta name=\"robots\" content=\"index, follow, max-snippet:-1, max-image-preview:large, max-video-preview:-1\" \/>\n<link rel=\"canonical\" href=\"https:\/\/www.centrixdental.eu\/de\/produkt\/supermixer\/\" \/>\n<meta property=\"og:locale\" content=\"de_DE\" \/>\n<meta property=\"og:type\" content=\"article\" \/>\n<meta property=\"og:title\" content=\"SuperMixer\" \/>\n<meta property=\"og:description\" content=\"Hocheffiziente Mischkan\u00fclen sorgen f\u00fcr weniger Materialverlust! Centrix SuperMixer sind leistungsstarke Mischkan\u00fclen auf der Basis einer neuen Mischtechnologie, benutzerfreundlichem Design und [&hellip;]\" \/>\n<meta property=\"og:url\" content=\"https:\/\/www.centrixdental.eu\/de\/produkt\/supermixer\/\" \/>\n<meta property=\"og:site_name\" content=\"Centrix DE\" \/>\n<meta property=\"article:publisher\" content=\"https:\/\/www.facebook.com\/centrixdentalemea\" \/>\n<meta property=\"article:modified_time\" content=\"2025-11-05T20:34:31+00:00\" \/>\n<meta property=\"og:image\" content=\"https:\/\/www.centrixdental.eu\/de\/wp-content\/uploads\/sites\/10\/2024\/05\/supermixers.png?ver=1718893632\" \/>\n\t<meta property=\"og:image:width\" content=\"1000\" \/>\n\t<meta property=\"og:image:height\" content=\"1000\" \/>\n\t<meta property=\"og:image:type\" content=\"image\/png\" \/>\n<meta name=\"twitter:card\" content=\"summary_large_image\" \/>\n<meta name=\"twitter:label1\" content=\"Verf\u00fcgbarkeit\" \/>\n\t<meta name=\"twitter:data1\" content=\"Auf Lager\" \/>\n<script type=\"application\/ld+json\" class=\"yoast-schema-graph\">{\"@context\":\"https:\\\/\\\/schema.org\",\"@graph\":[{\"@type\":[\"WebPage\",\"ItemPage\"],\"@id\":\"https:\\\/\\\/www.centrixdental.eu\\\/de\\\/produkt\\\/supermixer\\\/\",\"url\":\"https:\\\/\\\/www.centrixdental.eu\\\/de\\\/produkt\\\/supermixer\\\/\",\"name\":\"SuperMixer - Centrix DE\",\"isPartOf\":{\"@id\":\"https:\\\/\\\/www.centrixdental.eu\\\/de\\\/#website\"},\"primaryImageOfPage\":{\"@id\":\"https:\\\/\\\/www.centrixdental.eu\\\/de\\\/produkt\\\/supermixer\\\/#primaryimage\"},\"image\":{\"@id\":\"https:\\\/\\\/www.centrixdental.eu\\\/de\\\/produkt\\\/supermixer\\\/#primaryimage\"},\"thumbnailUrl\":\"https:\\\/\\\/www.centrixdental.eu\\\/de\\\/wp-content\\\/uploads\\\/sites\\\/10\\\/2024\\\/05\\\/supermixers.png?ver=1718893632\",\"datePublished\":\"2024-05-14T17:22:05+00:00\",\"dateModified\":\"2025-11-05T20:34:31+00:00\",\"breadcrumb\":{\"@id\":\"https:\\\/\\\/www.centrixdental.eu\\\/de\\\/produkt\\\/supermixer\\\/#breadcrumb\"},\"inLanguage\":\"de-DE\",\"potentialAction\":[{\"@type\":\"ReadAction\",\"target\":[\"https:\\\/\\\/www.centrixdental.eu\\\/de\\\/produkt\\\/supermixer\\\/\"]}]},{\"@type\":\"ImageObject\",\"inLanguage\":\"de-DE\",\"@id\":\"https:\\\/\\\/www.centrixdental.eu\\\/de\\\/produkt\\\/supermixer\\\/#primaryimage\",\"url\":\"https:\\\/\\\/www.centrixdental.eu\\\/de\\\/wp-content\\\/uploads\\\/sites\\\/10\\\/2024\\\/05\\\/supermixers.png?ver=1718893632\",\"contentUrl\":\"https:\\\/\\\/www.centrixdental.eu\\\/de\\\/wp-content\\\/uploads\\\/sites\\\/10\\\/2024\\\/05\\\/supermixers.png?ver=1718893632\",\"width\":1000,\"height\":1000},{\"@type\":\"BreadcrumbList\",\"@id\":\"https:\\\/\\\/www.centrixdental.eu\\\/de\\\/produkt\\\/supermixer\\\/#breadcrumb\",\"itemListElement\":[{\"@type\":\"ListItem\",\"position\":1,\"name\":\"Home\",\"item\":\"https:\\\/\\\/www.centrixdental.eu\\\/de\\\/\"},{\"@type\":\"ListItem\",\"position\":2,\"name\":\"Shop All\",\"item\":\"https:\\\/\\\/www.centrixdental.eu\\\/de\\\/produkte\\\/\"},{\"@type\":\"ListItem\",\"position\":3,\"name\":\"SuperMixer\"}]},{\"@type\":\"WebSite\",\"@id\":\"https:\\\/\\\/www.centrixdental.eu\\\/de\\\/#website\",\"url\":\"https:\\\/\\\/www.centrixdental.eu\\\/de\\\/\",\"name\":\"Centrix Dental Deutschland\",\"description\":\"Making dentistry easier\u2122\",\"publisher\":{\"@id\":\"https:\\\/\\\/www.centrixdental.eu\\\/de\\\/#organization\"},\"potentialAction\":[{\"@type\":\"SearchAction\",\"target\":{\"@type\":\"EntryPoint\",\"urlTemplate\":\"https:\\\/\\\/www.centrixdental.eu\\\/de\\\/?s={search_term_string}\"},\"query-input\":{\"@type\":\"PropertyValueSpecification\",\"valueRequired\":true,\"valueName\":\"search_term_string\"}}],\"inLanguage\":\"de-DE\"},{\"@type\":\"Organization\",\"@id\":\"https:\\\/\\\/www.centrixdental.eu\\\/de\\\/#organization\",\"name\":\"Centrix\",\"url\":\"https:\\\/\\\/www.centrixdental.eu\\\/de\\\/\",\"logo\":{\"@type\":\"ImageObject\",\"inLanguage\":\"de-DE\",\"@id\":\"https:\\\/\\\/www.centrixdental.eu\\\/de\\\/#\\\/schema\\\/logo\\\/image\\\/\",\"url\":\"https:\\\/\\\/www.centrixdental.eu\\\/de\\\/wp-content\\\/uploads\\\/sites\\\/10\\\/2024\\\/05\\\/centrix-making-dentistry-easier.png?ver=1719584090\",\"contentUrl\":\"https:\\\/\\\/www.centrixdental.eu\\\/de\\\/wp-content\\\/uploads\\\/sites\\\/10\\\/2024\\\/05\\\/centrix-making-dentistry-easier.png?ver=1719584090\",\"width\":300,\"height\":53,\"caption\":\"Centrix\"},\"image\":{\"@id\":\"https:\\\/\\\/www.centrixdental.eu\\\/de\\\/#\\\/schema\\\/logo\\\/image\\\/\"},\"sameAs\":[\"https:\\\/\\\/www.facebook.com\\\/centrixdentalemea\",\"https:\\\/\\\/www.instagram.com\\\/centrixdental_emea\\\/\"]}]}<\/script>\n<meta property=\"og:availability\" content=\"instock\" \/>\n<meta property=\"product:availability\" content=\"instock\" \/>\n<meta property=\"product:condition\" content=\"new\" \/>\n<!-- \/ Yoast SEO Premium plugin. -->","yoast_head_json":{"title":"SuperMixer - Centrix DE","robots":{"index":"index","follow":"follow","max-snippet":"max-snippet:-1","max-image-preview":"max-image-preview:large","max-video-preview":"max-video-preview:-1"},"canonical":"https:\/\/www.centrixdental.eu\/de\/produkt\/supermixer\/","og_locale":"de_DE","og_type":"article","og_title":"SuperMixer","og_description":"Hocheffiziente Mischkan\u00fclen sorgen f\u00fcr weniger Materialverlust! Centrix SuperMixer sind leistungsstarke Mischkan\u00fclen auf der Basis einer neuen Mischtechnologie, benutzerfreundlichem Design und [&hellip;]","og_url":"https:\/\/www.centrixdental.eu\/de\/produkt\/supermixer\/","og_site_name":"Centrix DE","article_publisher":"https:\/\/www.facebook.com\/centrixdentalemea","article_modified_time":"2025-11-05T20:34:31+00:00","og_image":[{"width":1000,"height":1000,"url":"https:\/\/www.centrixdental.eu\/de\/wp-content\/uploads\/sites\/10\/2024\/05\/supermixers.png?ver=1718893632","type":"image\/png"}],"twitter_card":"summary_large_image","twitter_misc":{"Verf\u00fcgbarkeit":"Auf Lager"},"schema":{"@context":"https:\/\/schema.org","@graph":[{"@type":["WebPage","ItemPage"],"@id":"https:\/\/www.centrixdental.eu\/de\/produkt\/supermixer\/","url":"https:\/\/www.centrixdental.eu\/de\/produkt\/supermixer\/","name":"SuperMixer - Centrix DE","isPartOf":{"@id":"https:\/\/www.centrixdental.eu\/de\/#website"},"primaryImageOfPage":{"@id":"https:\/\/www.centrixdental.eu\/de\/produkt\/supermixer\/#primaryimage"},"image":{"@id":"https:\/\/www.centrixdental.eu\/de\/produkt\/supermixer\/#primaryimage"},"thumbnailUrl":"https:\/\/www.centrixdental.eu\/de\/wp-content\/uploads\/sites\/10\/2024\/05\/supermixers.png?ver=1718893632","datePublished":"2024-05-14T17:22:05+00:00","dateModified":"2025-11-05T20:34:31+00:00","breadcrumb":{"@id":"https:\/\/www.centrixdental.eu\/de\/produkt\/supermixer\/#breadcrumb"},"inLanguage":"de-DE","potentialAction":[{"@type":"ReadAction","target":["https:\/\/www.centrixdental.eu\/de\/produkt\/supermixer\/"]}]},{"@type":"ImageObject","inLanguage":"de-DE","@id":"https:\/\/www.centrixdental.eu\/de\/produkt\/supermixer\/#primaryimage","url":"https:\/\/www.centrixdental.eu\/de\/wp-content\/uploads\/sites\/10\/2024\/05\/supermixers.png?ver=1718893632","contentUrl":"https:\/\/www.centrixdental.eu\/de\/wp-content\/uploads\/sites\/10\/2024\/05\/supermixers.png?ver=1718893632","width":1000,"height":1000},{"@type":"BreadcrumbList","@id":"https:\/\/www.centrixdental.eu\/de\/produkt\/supermixer\/#breadcrumb","itemListElement":[{"@type":"ListItem","position":1,"name":"Home","item":"https:\/\/www.centrixdental.eu\/de\/"},{"@type":"ListItem","position":2,"name":"Shop All","item":"https:\/\/www.centrixdental.eu\/de\/produkte\/"},{"@type":"ListItem","position":3,"name":"SuperMixer"}]},{"@type":"WebSite","@id":"https:\/\/www.centrixdental.eu\/de\/#website","url":"https:\/\/www.centrixdental.eu\/de\/","name":"Centrix Dental Deutschland","description":"Making dentistry easier\u2122","publisher":{"@id":"https:\/\/www.centrixdental.eu\/de\/#organization"},"potentialAction":[{"@type":"SearchAction","target":{"@type":"EntryPoint","urlTemplate":"https:\/\/www.centrixdental.eu\/de\/?s={search_term_string}"},"query-input":{"@type":"PropertyValueSpecification","valueRequired":true,"valueName":"search_term_string"}}],"inLanguage":"de-DE"},{"@type":"Organization","@id":"https:\/\/www.centrixdental.eu\/de\/#organization","name":"Centrix","url":"https:\/\/www.centrixdental.eu\/de\/","logo":{"@type":"ImageObject","inLanguage":"de-DE","@id":"https:\/\/www.centrixdental.eu\/de\/#\/schema\/logo\/image\/","url":"https:\/\/www.centrixdental.eu\/de\/wp-content\/uploads\/sites\/10\/2024\/05\/centrix-making-dentistry-easier.png?ver=1719584090","contentUrl":"https:\/\/www.centrixdental.eu\/de\/wp-content\/uploads\/sites\/10\/2024\/05\/centrix-making-dentistry-easier.png?ver=1719584090","width":300,"height":53,"caption":"Centrix"},"image":{"@id":"https:\/\/www.centrixdental.eu\/de\/#\/schema\/logo\/image\/"},"sameAs":["https:\/\/www.facebook.com\/centrixdentalemea","https:\/\/www.instagram.com\/centrixdental_emea\/"]}]},"og_availability":"instock","product_availability":"instock","product_condition":"new"},"_links":{"self":[{"href":"https:\/\/www.centrixdental.eu\/de\/wp-json\/wp\/v2\/product\/1538","targetHints":{"allow":["GET"]}}],"collection":[{"href":"https:\/\/www.centrixdental.eu\/de\/wp-json\/wp\/v2\/product"}],"about":[{"href":"https:\/\/www.centrixdental.eu\/de\/wp-json\/wp\/v2\/types\/product"}],"replies":[{"embeddable":true,"href":"https:\/\/www.centrixdental.eu\/de\/wp-json\/wp\/v2\/comments?post=1538"}],"version-history":[{"count":0,"href":"https:\/\/www.centrixdental.eu\/de\/wp-json\/wp\/v2\/product\/1538\/revisions"}],"wp:featuredmedia":[{"embeddable":true,"href":"https:\/\/www.centrixdental.eu\/de\/wp-json\/wp\/v2\/media\/1800"}],"wp:attachment":[{"href":"https:\/\/www.centrixdental.eu\/de\/wp-json\/wp\/v2\/media?parent=1538"}],"wp:term":[{"taxonomy":"product_brand","embeddable":true,"href":"https:\/\/www.centrixdental.eu\/de\/wp-json\/wp\/v2\/product_brand?post=1538"},{"taxonomy":"product_cat","embeddable":true,"href":"https:\/\/www.centrixdental.eu\/de\/wp-json\/wp\/v2\/product_cat?post=1538"},{"taxonomy":"product_tag","embeddable":true,"href":"https:\/\/www.centrixdental.eu\/de\/wp-json\/wp\/v2\/product_tag?post=1538"}],"curies":[{"name":"wp","href":"https:\/\/api.w.org\/{rel}","templated":true}]}}