{"id":1521,"date":"2024-05-13T15:15:42","date_gmt":"2024-05-13T19:15:42","guid":{"rendered":""},"modified":"2025-11-05T17:03:33","modified_gmt":"2025-11-05T21:03:33","slug":"access-blue-bissregistrat","status":"publish","type":"product","link":"https:\/\/www.centrixdental.eu\/de\/produkt\/access-blue-bissregistrat\/","title":{"rendered":"Access BLUE Bissregistrat"},"content":{"rendered":"<p>Access BLUE Bissregistrierungsmaterial ist schnell abbindend, hochpr\u00e4zise, sehr standfest und dimensionsstabil. Es verwendet eine mousseartige Viskosit\u00e4t f\u00fcr hochpr\u00e4zise Bissregistrierungstechniken. Access BLUE liefert starre, stabile und genaue Bissregistrierungen, die es dem Labor erm\u00f6glichen, einen korrekten und zentrischen Zusammenbiss zu reproduzieren. Hergestellt in den USA.<\/p>\n<ul>\n<li>Die einfachste und genaueste Bissregistrierung<\/li>\n<li>H\u00e4rtet in nur 30 Sekunden wie Laborgips aus.<\/li>\n<li>Erm\u00f6glicht es, die Abformung zu schneiden und zu trimmen, ohne dass sie br\u00f6ckelt.<\/li>\n<\/ul>\n<p><em><strong>Die Kits beinhalten 2 x 50ml, Kartuschen und 6 Mischkan\u00fclen.<\/strong><\/em><\/p>\n<h3>Access Bissregistrierungsmaterial Abbindezeiten<\/h3>\n<table class=\"table alt table-hover comp\">\n<tbody>\n<tr class=\"first\">\n<th width=\"130\">Produkt<\/th>\n<th style=\"text-align: left;\">Blue<\/th>\n<\/tr>\n<tr>\n<td>Viskosit\u00e4t<\/td>\n<td>Hochvisk\u00f6s<\/td>\n<\/tr>\n<tr>\n<td>Technik<\/td>\n<td>Spritzeninjektion<\/td>\n<\/tr>\n<tr>\n<td>Mischzeit<\/td>\n<td>Auto<\/td>\n<\/tr>\n<tr>\n<td>Arbeitszeit<\/td>\n<td>:30<\/td>\n<\/tr>\n<tr>\n<td>Mundverweildauer<\/td>\n<td>1:00<\/td>\n<\/tr>\n<tr>\n<td>Gesamte Abbindezeit<\/td>\n<td>1:30<\/td>\n<\/tr>\n<\/tbody>\n<\/table>\n","protected":false},"excerpt":{"rendered":"<p>Access BLUE Bissregistrierungsmaterial ist schnell abbindend, hochpr\u00e4zise, sehr standfest und dimensionsstabil. Es verwendet eine mousseartige Viskosit\u00e4t f\u00fcr hochpr\u00e4zise Bissregistrierungstechniken. Access [&hellip;]<\/p>\n","protected":false},"featured_media":1782,"comment_status":"open","ping_status":"closed","template":"","meta":{"_acf_changed":false,"content-type":"","site-sidebar-layout":"default","site-content-layout":"","ast-site-content-layout":"default","site-content-style":"default","site-sidebar-style":"default","ast-global-header-display":"","ast-banner-title-visibility":"","ast-main-header-display":"","ast-hfb-above-header-display":"","ast-hfb-below-header-display":"","ast-hfb-mobile-header-display":"","site-post-title":"","ast-breadcrumbs-content":"","ast-featured-img":"","footer-sml-layout":"","ast-disable-related-posts":"","theme-transparent-header-meta":"default","adv-header-id-meta":"","stick-header-meta":"","header-above-stick-meta":"","header-main-stick-meta":"","header-below-stick-meta":"","astra-migrate-meta-layouts":"set","ast-page-background-enabled":"default","ast-page-background-meta":{"desktop":{"background-color":"var(--ast-global-color-4)","background-image":"","background-repeat":"repeat","background-position":"center center","background-size":"auto","background-attachment":"scroll","background-type":"","background-media":"","overlay-type":"","overlay-color":"","overlay-opacity":"","overlay-gradient":""},"tablet":{"background-color":"","background-image":"","background-repeat":"repeat","background-position":"center center","background-size":"auto","background-attachment":"scroll","background-type":"","background-media":"","overlay-type":"","overlay-color":"","overlay-opacity":"","overlay-gradient":""},"mobile":{"background-color":"","background-image":"","background-repeat":"repeat","background-position":"center center","background-size":"auto","background-attachment":"scroll","background-type":"","background-media":"","overlay-type":"","overlay-color":"","overlay-opacity":"","overlay-gradient":""}},"ast-content-background-meta":{"desktop":{"background-color":"var(--ast-global-color-5)","background-image":"","background-repeat":"repeat","background-position":"center center","background-size":"auto","background-attachment":"scroll","background-type":"","background-media":"","overlay-type":"","overlay-color":"","overlay-opacity":"","overlay-gradient":""},"tablet":{"background-color":"var(--ast-global-color-5)","background-image":"","background-repeat":"repeat","background-position":"center center","background-size":"auto","background-attachment":"scroll","background-type":"","background-media":"","overlay-type":"","overlay-color":"","overlay-opacity":"","overlay-gradient":""},"mobile":{"background-color":"var(--ast-global-color-5)","background-image":"","background-repeat":"repeat","background-position":"center center","background-size":"auto","background-attachment":"scroll","background-type":"","background-media":"","overlay-type":"","overlay-color":"","overlay-opacity":"","overlay-gradient":""}},"ep_exclude_from_search":false},"product_brand":[],"product_cat":[78,98],"product_tag":[],"class_list":{"0":"post-1521","1":"product","2":"type-product","3":"status-publish","4":"has-post-thumbnail","6":"product_cat-abformung","7":"product_cat-access-abformung","8":"desktop-align-left","9":"tablet-align-left","10":"mobile-align-left","12":"first","13":"instock","14":"featured","15":"taxable","16":"shipping-taxable","17":"purchasable","18":"product-type-simple"},"acf":[],"yoast_head":"<!-- This site is optimized with the Yoast SEO Premium plugin v25.4 (Yoast SEO v27.4) - https:\/\/yoast.com\/product\/yoast-seo-premium-wordpress\/ -->\n<title>Access BLUE Bissregistrat - Centrix DE<\/title>\n<meta name=\"robots\" content=\"index, follow, max-snippet:-1, max-image-preview:large, max-video-preview:-1\" \/>\n<link rel=\"canonical\" href=\"https:\/\/www.centrixdental.eu\/de\/produkt\/access-blue-bissregistrat\/\" \/>\n<meta property=\"og:locale\" content=\"de_DE\" \/>\n<meta property=\"og:type\" content=\"article\" \/>\n<meta property=\"og:title\" content=\"Access BLUE Bissregistrat\" \/>\n<meta property=\"og:description\" content=\"Access BLUE Bissregistrierungsmaterial ist schnell abbindend, hochpr\u00e4zise, sehr standfest und dimensionsstabil. Es verwendet eine mousseartige Viskosit\u00e4t f\u00fcr hochpr\u00e4zise Bissregistrierungstechniken. Access [&hellip;]\" \/>\n<meta property=\"og:url\" content=\"https:\/\/www.centrixdental.eu\/de\/produkt\/access-blue-bissregistrat\/\" \/>\n<meta property=\"og:site_name\" content=\"Centrix DE\" \/>\n<meta property=\"article:publisher\" content=\"https:\/\/www.facebook.com\/centrixdentalemea\" \/>\n<meta property=\"article:modified_time\" content=\"2025-11-05T21:03:33+00:00\" \/>\n<meta property=\"og:image\" content=\"https:\/\/www.centrixdental.eu\/de\/wp-content\/uploads\/sites\/10\/2024\/05\/access-blue.png\" \/>\n\t<meta property=\"og:image:width\" content=\"1260\" \/>\n\t<meta property=\"og:image:height\" content=\"1260\" \/>\n\t<meta property=\"og:image:type\" content=\"image\/png\" \/>\n<meta name=\"twitter:card\" content=\"summary_large_image\" \/>\n<meta name=\"twitter:label1\" content=\"Preis\" \/>\n\t<meta name=\"twitter:data1\" content=\"&euro;&nbsp;57.59\" \/>\n\t<meta name=\"twitter:label2\" content=\"Verf\u00fcgbarkeit\" \/>\n\t<meta name=\"twitter:data2\" content=\"Auf Lager\" \/>\n<script type=\"application\/ld+json\" class=\"yoast-schema-graph\">{\"@context\":\"https:\\\/\\\/schema.org\",\"@graph\":[{\"@type\":[\"WebPage\",\"ItemPage\"],\"@id\":\"https:\\\/\\\/www.centrixdental.eu\\\/de\\\/produkt\\\/access-blue-bissregistrat\\\/\",\"url\":\"https:\\\/\\\/www.centrixdental.eu\\\/de\\\/produkt\\\/access-blue-bissregistrat\\\/\",\"name\":\"Access BLUE Bissregistrat - Centrix DE\",\"isPartOf\":{\"@id\":\"https:\\\/\\\/www.centrixdental.eu\\\/de\\\/#website\"},\"primaryImageOfPage\":{\"@id\":\"https:\\\/\\\/www.centrixdental.eu\\\/de\\\/produkt\\\/access-blue-bissregistrat\\\/#primaryimage\"},\"image\":{\"@id\":\"https:\\\/\\\/www.centrixdental.eu\\\/de\\\/produkt\\\/access-blue-bissregistrat\\\/#primaryimage\"},\"thumbnailUrl\":\"https:\\\/\\\/www.centrixdental.eu\\\/de\\\/wp-content\\\/uploads\\\/sites\\\/10\\\/2024\\\/05\\\/access-blue.png\",\"datePublished\":\"2024-05-13T19:15:42+00:00\",\"dateModified\":\"2025-11-05T21:03:33+00:00\",\"breadcrumb\":{\"@id\":\"https:\\\/\\\/www.centrixdental.eu\\\/de\\\/produkt\\\/access-blue-bissregistrat\\\/#breadcrumb\"},\"inLanguage\":\"de-DE\",\"potentialAction\":[{\"@type\":\"ReadAction\",\"target\":[\"https:\\\/\\\/www.centrixdental.eu\\\/de\\\/produkt\\\/access-blue-bissregistrat\\\/\"]}]},{\"@type\":\"ImageObject\",\"inLanguage\":\"de-DE\",\"@id\":\"https:\\\/\\\/www.centrixdental.eu\\\/de\\\/produkt\\\/access-blue-bissregistrat\\\/#primaryimage\",\"url\":\"https:\\\/\\\/www.centrixdental.eu\\\/de\\\/wp-content\\\/uploads\\\/sites\\\/10\\\/2024\\\/05\\\/access-blue.png\",\"contentUrl\":\"https:\\\/\\\/www.centrixdental.eu\\\/de\\\/wp-content\\\/uploads\\\/sites\\\/10\\\/2024\\\/05\\\/access-blue.png\",\"width\":1260,\"height\":1260},{\"@type\":\"BreadcrumbList\",\"@id\":\"https:\\\/\\\/www.centrixdental.eu\\\/de\\\/produkt\\\/access-blue-bissregistrat\\\/#breadcrumb\",\"itemListElement\":[{\"@type\":\"ListItem\",\"position\":1,\"name\":\"Home\",\"item\":\"https:\\\/\\\/www.centrixdental.eu\\\/de\\\/\"},{\"@type\":\"ListItem\",\"position\":2,\"name\":\"Shop All\",\"item\":\"https:\\\/\\\/www.centrixdental.eu\\\/de\\\/produkte\\\/\"},{\"@type\":\"ListItem\",\"position\":3,\"name\":\"Access BLUE Bissregistrat\"}]},{\"@type\":\"WebSite\",\"@id\":\"https:\\\/\\\/www.centrixdental.eu\\\/de\\\/#website\",\"url\":\"https:\\\/\\\/www.centrixdental.eu\\\/de\\\/\",\"name\":\"Centrix Dental Deutschland\",\"description\":\"Making dentistry easier\u2122\",\"publisher\":{\"@id\":\"https:\\\/\\\/www.centrixdental.eu\\\/de\\\/#organization\"},\"potentialAction\":[{\"@type\":\"SearchAction\",\"target\":{\"@type\":\"EntryPoint\",\"urlTemplate\":\"https:\\\/\\\/www.centrixdental.eu\\\/de\\\/?s={search_term_string}\"},\"query-input\":{\"@type\":\"PropertyValueSpecification\",\"valueRequired\":true,\"valueName\":\"search_term_string\"}}],\"inLanguage\":\"de-DE\"},{\"@type\":\"Organization\",\"@id\":\"https:\\\/\\\/www.centrixdental.eu\\\/de\\\/#organization\",\"name\":\"Centrix\",\"url\":\"https:\\\/\\\/www.centrixdental.eu\\\/de\\\/\",\"logo\":{\"@type\":\"ImageObject\",\"inLanguage\":\"de-DE\",\"@id\":\"https:\\\/\\\/www.centrixdental.eu\\\/de\\\/#\\\/schema\\\/logo\\\/image\\\/\",\"url\":\"https:\\\/\\\/www.centrixdental.eu\\\/de\\\/wp-content\\\/uploads\\\/sites\\\/10\\\/2024\\\/05\\\/centrix-making-dentistry-easier.png?ver=1719584090\",\"contentUrl\":\"https:\\\/\\\/www.centrixdental.eu\\\/de\\\/wp-content\\\/uploads\\\/sites\\\/10\\\/2024\\\/05\\\/centrix-making-dentistry-easier.png?ver=1719584090\",\"width\":300,\"height\":53,\"caption\":\"Centrix\"},\"image\":{\"@id\":\"https:\\\/\\\/www.centrixdental.eu\\\/de\\\/#\\\/schema\\\/logo\\\/image\\\/\"},\"sameAs\":[\"https:\\\/\\\/www.facebook.com\\\/centrixdentalemea\",\"https:\\\/\\\/www.instagram.com\\\/centrixdental_emea\\\/\"]}]}<\/script>\n<meta property=\"product:price:amount\" content=\"57.59\" \/>\n<meta property=\"product:price:currency\" content=\"EUR\" \/>\n<meta property=\"og:availability\" content=\"instock\" \/>\n<meta property=\"product:availability\" content=\"instock\" \/>\n<meta property=\"product:retailer_item_id\" content=\"360006\" \/>\n<meta property=\"product:condition\" content=\"new\" \/>\n<!-- \/ Yoast SEO Premium plugin. -->","yoast_head_json":{"title":"Access BLUE Bissregistrat - Centrix DE","robots":{"index":"index","follow":"follow","max-snippet":"max-snippet:-1","max-image-preview":"max-image-preview:large","max-video-preview":"max-video-preview:-1"},"canonical":"https:\/\/www.centrixdental.eu\/de\/produkt\/access-blue-bissregistrat\/","og_locale":"de_DE","og_type":"article","og_title":"Access BLUE Bissregistrat","og_description":"Access BLUE Bissregistrierungsmaterial ist schnell abbindend, hochpr\u00e4zise, sehr standfest und dimensionsstabil. Es verwendet eine mousseartige Viskosit\u00e4t f\u00fcr hochpr\u00e4zise Bissregistrierungstechniken. Access [&hellip;]","og_url":"https:\/\/www.centrixdental.eu\/de\/produkt\/access-blue-bissregistrat\/","og_site_name":"Centrix DE","article_publisher":"https:\/\/www.facebook.com\/centrixdentalemea","article_modified_time":"2025-11-05T21:03:33+00:00","og_image":[{"width":1260,"height":1260,"url":"https:\/\/www.centrixdental.eu\/de\/wp-content\/uploads\/sites\/10\/2024\/05\/access-blue.png","type":"image\/png"}],"twitter_card":"summary_large_image","twitter_misc":{"Preis":"&euro;&nbsp;57.59","Verf\u00fcgbarkeit":"Auf Lager"},"schema":{"@context":"https:\/\/schema.org","@graph":[{"@type":["WebPage","ItemPage"],"@id":"https:\/\/www.centrixdental.eu\/de\/produkt\/access-blue-bissregistrat\/","url":"https:\/\/www.centrixdental.eu\/de\/produkt\/access-blue-bissregistrat\/","name":"Access BLUE Bissregistrat - Centrix DE","isPartOf":{"@id":"https:\/\/www.centrixdental.eu\/de\/#website"},"primaryImageOfPage":{"@id":"https:\/\/www.centrixdental.eu\/de\/produkt\/access-blue-bissregistrat\/#primaryimage"},"image":{"@id":"https:\/\/www.centrixdental.eu\/de\/produkt\/access-blue-bissregistrat\/#primaryimage"},"thumbnailUrl":"https:\/\/www.centrixdental.eu\/de\/wp-content\/uploads\/sites\/10\/2024\/05\/access-blue.png","datePublished":"2024-05-13T19:15:42+00:00","dateModified":"2025-11-05T21:03:33+00:00","breadcrumb":{"@id":"https:\/\/www.centrixdental.eu\/de\/produkt\/access-blue-bissregistrat\/#breadcrumb"},"inLanguage":"de-DE","potentialAction":[{"@type":"ReadAction","target":["https:\/\/www.centrixdental.eu\/de\/produkt\/access-blue-bissregistrat\/"]}]},{"@type":"ImageObject","inLanguage":"de-DE","@id":"https:\/\/www.centrixdental.eu\/de\/produkt\/access-blue-bissregistrat\/#primaryimage","url":"https:\/\/www.centrixdental.eu\/de\/wp-content\/uploads\/sites\/10\/2024\/05\/access-blue.png","contentUrl":"https:\/\/www.centrixdental.eu\/de\/wp-content\/uploads\/sites\/10\/2024\/05\/access-blue.png","width":1260,"height":1260},{"@type":"BreadcrumbList","@id":"https:\/\/www.centrixdental.eu\/de\/produkt\/access-blue-bissregistrat\/#breadcrumb","itemListElement":[{"@type":"ListItem","position":1,"name":"Home","item":"https:\/\/www.centrixdental.eu\/de\/"},{"@type":"ListItem","position":2,"name":"Shop All","item":"https:\/\/www.centrixdental.eu\/de\/produkte\/"},{"@type":"ListItem","position":3,"name":"Access BLUE Bissregistrat"}]},{"@type":"WebSite","@id":"https:\/\/www.centrixdental.eu\/de\/#website","url":"https:\/\/www.centrixdental.eu\/de\/","name":"Centrix Dental Deutschland","description":"Making dentistry easier\u2122","publisher":{"@id":"https:\/\/www.centrixdental.eu\/de\/#organization"},"potentialAction":[{"@type":"SearchAction","target":{"@type":"EntryPoint","urlTemplate":"https:\/\/www.centrixdental.eu\/de\/?s={search_term_string}"},"query-input":{"@type":"PropertyValueSpecification","valueRequired":true,"valueName":"search_term_string"}}],"inLanguage":"de-DE"},{"@type":"Organization","@id":"https:\/\/www.centrixdental.eu\/de\/#organization","name":"Centrix","url":"https:\/\/www.centrixdental.eu\/de\/","logo":{"@type":"ImageObject","inLanguage":"de-DE","@id":"https:\/\/www.centrixdental.eu\/de\/#\/schema\/logo\/image\/","url":"https:\/\/www.centrixdental.eu\/de\/wp-content\/uploads\/sites\/10\/2024\/05\/centrix-making-dentistry-easier.png?ver=1719584090","contentUrl":"https:\/\/www.centrixdental.eu\/de\/wp-content\/uploads\/sites\/10\/2024\/05\/centrix-making-dentistry-easier.png?ver=1719584090","width":300,"height":53,"caption":"Centrix"},"image":{"@id":"https:\/\/www.centrixdental.eu\/de\/#\/schema\/logo\/image\/"},"sameAs":["https:\/\/www.facebook.com\/centrixdentalemea","https:\/\/www.instagram.com\/centrixdental_emea\/"]}]},"product_price_amount":"57.59","product_price_currency":"EUR","og_availability":"instock","product_availability":"instock","product_retailer_item_id":"360006","product_condition":"new"},"_links":{"self":[{"href":"https:\/\/www.centrixdental.eu\/de\/wp-json\/wp\/v2\/product\/1521","targetHints":{"allow":["GET"]}}],"collection":[{"href":"https:\/\/www.centrixdental.eu\/de\/wp-json\/wp\/v2\/product"}],"about":[{"href":"https:\/\/www.centrixdental.eu\/de\/wp-json\/wp\/v2\/types\/product"}],"replies":[{"embeddable":true,"href":"https:\/\/www.centrixdental.eu\/de\/wp-json\/wp\/v2\/comments?post=1521"}],"version-history":[{"count":0,"href":"https:\/\/www.centrixdental.eu\/de\/wp-json\/wp\/v2\/product\/1521\/revisions"}],"wp:featuredmedia":[{"embeddable":true,"href":"https:\/\/www.centrixdental.eu\/de\/wp-json\/wp\/v2\/media\/1782"}],"wp:attachment":[{"href":"https:\/\/www.centrixdental.eu\/de\/wp-json\/wp\/v2\/media?parent=1521"}],"wp:term":[{"taxonomy":"product_brand","embeddable":true,"href":"https:\/\/www.centrixdental.eu\/de\/wp-json\/wp\/v2\/product_brand?post=1521"},{"taxonomy":"product_cat","embeddable":true,"href":"https:\/\/www.centrixdental.eu\/de\/wp-json\/wp\/v2\/product_cat?post=1521"},{"taxonomy":"product_tag","embeddable":true,"href":"https:\/\/www.centrixdental.eu\/de\/wp-json\/wp\/v2\/product_tag?post=1521"}],"curies":[{"name":"wp","href":"https:\/\/api.w.org\/{rel}","templated":true}]}}