{"id":1467,"date":"2024-05-13T12:41:53","date_gmt":"2024-05-13T16:41:53","guid":{"rendered":"https:\/\/centrixeu.wpenginepowered.com\/de\/?post_type=product&#038;p=1467"},"modified":"2026-01-07T11:47:07","modified_gmt":"2026-01-07T15:47:07","slug":"encore-dc-minimix","status":"publish","type":"product","link":"https:\/\/www.centrixdental.eu\/de\/produkt\/encore-dc-minimix\/","title":{"rendered":"Encore D\/C MiniMix"},"content":{"rendered":"<p>Encore D\/C macht den Stumpfaufbau einfacher und besser. Mit Encore D\/C, dem dualh\u00e4rtenden Stumpfaufbaumaterial k\u00f6nnen Sie z.B. nur den koronalen Stumpf aufbauen, oder auch einen Kompositstift und Stumpf herzustellen, der den Stift, den Zahn und den Stumpf zu einem integrierten Ganzen verbindet. Applizieren Sie Encore D\/C mit unserer exklusiven Nadelspitze direkt auf den Boden der Stiftkavit\u00e4t. Zur Beschleunigung der Abbindung 20 Sekunden lichth\u00e4rten.Die Encore D\/C Dual-Cure-Formel beschleunigt ihre Behandlungsabl\u00e4ufe und gew\u00e4hrleistet die vollst\u00e4ndige Aush\u00e4rtung des gesamten Materials, unabh\u00e4ngig von der Tiefe oder Ort der endg\u00fcltigen Restauration. Die standfeste Rezeptur er\u00fcbrigt die Verwendung einer Matrize\/Stumpfform. Die Lichth\u00e4rtung erm\u00f6glicht eine schnellere Abbindung. Hergestellt in den USA.<\/p>\n<p><strong>Encore D\/C MiniMix:<\/strong> Unsere beliebteste Darreichungsform in dieser Produktreihe. Die MiniMix 0,5ml Karpulen-Technologie verhindert Materialverlust und Kreuzkontamination. Die kleinere Gr\u00f6\u00dfe l\u00e4sst sich im Mund leichter handhaben und die l\u00e4ngere Nadelspitze erm\u00f6glicht ein bequemes Applizieren in die Kan\u00e4le der zweiten und dritten Molaren. MiniMix ist auch patientenfreundlich; das kleinere Darreichungsform ist weniger bedrohlich und f\u00fcr empfindliche Patienten komfortabler.<\/p>\n<p><strong>Polymerisationsschrumpfung von Encore D\/C MiniMix: <\/strong>1.4%<\/p>\n<ul>\n<li>Hochwertiges Stumpfaufbaumaterial, das die vollst\u00e4ndige Aush\u00e4rtung aller Komponenten, strukturelle Festigkeit und einfache Handhabung gew\u00e4hrleistet.<\/li>\n<li>20 Sekunden Lichtaush\u00e4rtung zur Beschleunigung der Abbindung.<\/li>\n<li>Die Nadelspitze appliziert das Material am Boden der Stiftkavit\u00e4t.<\/li>\n<li>Die standfeste Rezeptur erfordert keine Matrize oder Stumpfform.<\/li>\n<li>Es l\u00e4sst sich wie Dentin beschleifen, um Rillenbildung zu reduzieren.<\/li>\n<li>Radiopak<\/li>\n<li>Enth\u00e4lt Fluorid<\/li>\n<\/ul>\n<p><em>Encore D\/C MiniMix ist in den folgenden Ausf\u00fchrungen erh\u00e4ltlich:<\/em><\/p>\n<ul>\n<li><em>Einf\u00fchrungs-Set:<\/em> Enth\u00e4lt 12 Einzeldosis-Kartuschen \u00e0 0,5 ml (Natur), 24 Mischd\u00fcsen und 1 Snub Nose Snap-Fit Applikationspistole<\/li>\n<li><em>12er-Set:<\/em> Enth\u00e4lt 12 Einzeldosis-Kartuschen \u00e0 0,5 ml (Natur oder Kontrast) und 24 Mischd\u00fcsen<\/li>\n<li><em>36er-Set:<\/em> Enth\u00e4lt Einzeldosis-Kartuschen \u00e0 0,5 ml (Natur oder Kontrast) und 72 Mischd\u00fcsen<\/li>\n<\/ul>\n","protected":false},"excerpt":{"rendered":"<p>Encore D\/C macht den Stumpfaufbau einfacher und besser. Mit Encore D\/C, dem dualh\u00e4rtenden Stumpfaufbaumaterial k\u00f6nnen Sie z.B. nur den koronalen [&hellip;]<\/p>\n","protected":false},"featured_media":1770,"comment_status":"open","ping_status":"closed","template":"","meta":{"_acf_changed":false,"content-type":"","site-sidebar-layout":"default","site-content-layout":"","ast-site-content-layout":"default","site-content-style":"default","site-sidebar-style":"default","ast-global-header-display":"","ast-banner-title-visibility":"","ast-main-header-display":"","ast-hfb-above-header-display":"","ast-hfb-below-header-display":"","ast-hfb-mobile-header-display":"","site-post-title":"","ast-breadcrumbs-content":"","ast-featured-img":"","footer-sml-layout":"","ast-disable-related-posts":"","theme-transparent-header-meta":"default","adv-header-id-meta":"","stick-header-meta":"","header-above-stick-meta":"","header-main-stick-meta":"","header-below-stick-meta":"","astra-migrate-meta-layouts":"set","ast-page-background-enabled":"default","ast-page-background-meta":{"desktop":{"background-color":"var(--ast-global-color-4)","background-image":"","background-repeat":"repeat","background-position":"center center","background-size":"auto","background-attachment":"scroll","background-type":"","background-media":"","overlay-type":"","overlay-color":"","overlay-opacity":"","overlay-gradient":""},"tablet":{"background-color":"","background-image":"","background-repeat":"repeat","background-position":"center center","background-size":"auto","background-attachment":"scroll","background-type":"","background-media":"","overlay-type":"","overlay-color":"","overlay-opacity":"","overlay-gradient":""},"mobile":{"background-color":"","background-image":"","background-repeat":"repeat","background-position":"center center","background-size":"auto","background-attachment":"scroll","background-type":"","background-media":"","overlay-type":"","overlay-color":"","overlay-opacity":"","overlay-gradient":""}},"ast-content-background-meta":{"desktop":{"background-color":"var(--ast-global-color-5)","background-image":"","background-repeat":"repeat","background-position":"center center","background-size":"auto","background-attachment":"scroll","background-type":"","background-media":"","overlay-type":"","overlay-color":"","overlay-opacity":"","overlay-gradient":""},"tablet":{"background-color":"var(--ast-global-color-5)","background-image":"","background-repeat":"repeat","background-position":"center center","background-size":"auto","background-attachment":"scroll","background-type":"","background-media":"","overlay-type":"","overlay-color":"","overlay-opacity":"","overlay-gradient":""},"mobile":{"background-color":"var(--ast-global-color-5)","background-image":"","background-repeat":"repeat","background-position":"center center","background-size":"auto","background-attachment":"scroll","background-type":"","background-media":"","overlay-type":"","overlay-color":"","overlay-opacity":"","overlay-gradient":""}},"ep_exclude_from_search":false},"product_brand":[],"product_cat":[178,79],"product_tag":[],"class_list":{"0":"post-1467","1":"product","2":"type-product","3":"status-publish","4":"has-post-thumbnail","6":"product_cat-encore-dc-produktlinie","7":"product_cat-restauration","8":"desktop-align-left","9":"tablet-align-left","10":"mobile-align-left","12":"first","13":"instock","14":"featured","15":"taxable","16":"shipping-taxable","17":"purchasable","18":"product-type-variable"},"acf":[],"yoast_head":"<!-- This site is optimized with the Yoast SEO Premium plugin v25.4 (Yoast SEO v27.3) - https:\/\/yoast.com\/product\/yoast-seo-premium-wordpress\/ -->\n<title>Encore D\/C MiniMix - Centrix DE<\/title>\n<meta name=\"robots\" content=\"index, follow, max-snippet:-1, max-image-preview:large, max-video-preview:-1\" \/>\n<link rel=\"canonical\" href=\"https:\/\/www.centrixdental.eu\/de\/produkt\/encore-dc-minimix\/\" \/>\n<meta property=\"og:locale\" content=\"de_DE\" \/>\n<meta property=\"og:type\" content=\"article\" \/>\n<meta property=\"og:title\" content=\"Encore D\/C MiniMix\" \/>\n<meta property=\"og:description\" content=\"Encore D\/C macht den Stumpfaufbau einfacher und besser. Mit Encore D\/C, dem dualh\u00e4rtenden Stumpfaufbaumaterial k\u00f6nnen Sie z.B. nur den koronalen [&hellip;]\" \/>\n<meta property=\"og:url\" content=\"https:\/\/www.centrixdental.eu\/de\/produkt\/encore-dc-minimix\/\" \/>\n<meta property=\"og:site_name\" content=\"Centrix DE\" \/>\n<meta property=\"article:publisher\" content=\"https:\/\/www.facebook.com\/centrixdentalemea\" \/>\n<meta property=\"article:modified_time\" content=\"2026-01-07T15:47:07+00:00\" \/>\n<meta property=\"og:image\" content=\"https:\/\/www.centrixdental.eu\/de\/wp-content\/uploads\/sites\/10\/2024\/05\/encore-dc-minimix-with-gun.png?ver=1720633724\" \/>\n\t<meta property=\"og:image:width\" content=\"1260\" \/>\n\t<meta property=\"og:image:height\" content=\"1260\" \/>\n\t<meta property=\"og:image:type\" content=\"image\/png\" \/>\n<meta name=\"twitter:card\" content=\"summary_large_image\" \/>\n<meta name=\"twitter:label1\" content=\"Verf\u00fcgbarkeit\" \/>\n\t<meta name=\"twitter:data1\" content=\"Auf Lager\" \/>\n<script type=\"application\/ld+json\" class=\"yoast-schema-graph\">{\"@context\":\"https:\\\/\\\/schema.org\",\"@graph\":[{\"@type\":[\"WebPage\",\"ItemPage\"],\"@id\":\"https:\\\/\\\/www.centrixdental.eu\\\/de\\\/produkt\\\/encore-dc-minimix\\\/\",\"url\":\"https:\\\/\\\/www.centrixdental.eu\\\/de\\\/produkt\\\/encore-dc-minimix\\\/\",\"name\":\"Encore D\\\/C MiniMix - Centrix DE\",\"isPartOf\":{\"@id\":\"https:\\\/\\\/www.centrixdental.eu\\\/de\\\/#website\"},\"primaryImageOfPage\":{\"@id\":\"https:\\\/\\\/www.centrixdental.eu\\\/de\\\/produkt\\\/encore-dc-minimix\\\/#primaryimage\"},\"image\":{\"@id\":\"https:\\\/\\\/www.centrixdental.eu\\\/de\\\/produkt\\\/encore-dc-minimix\\\/#primaryimage\"},\"thumbnailUrl\":\"https:\\\/\\\/www.centrixdental.eu\\\/de\\\/wp-content\\\/uploads\\\/sites\\\/10\\\/2024\\\/05\\\/encore-dc-minimix-with-gun.png?ver=1720633724\",\"datePublished\":\"2024-05-13T16:41:53+00:00\",\"dateModified\":\"2026-01-07T15:47:07+00:00\",\"breadcrumb\":{\"@id\":\"https:\\\/\\\/www.centrixdental.eu\\\/de\\\/produkt\\\/encore-dc-minimix\\\/#breadcrumb\"},\"inLanguage\":\"de-DE\",\"potentialAction\":[{\"@type\":\"ReadAction\",\"target\":[\"https:\\\/\\\/www.centrixdental.eu\\\/de\\\/produkt\\\/encore-dc-minimix\\\/\"]}]},{\"@type\":\"ImageObject\",\"inLanguage\":\"de-DE\",\"@id\":\"https:\\\/\\\/www.centrixdental.eu\\\/de\\\/produkt\\\/encore-dc-minimix\\\/#primaryimage\",\"url\":\"https:\\\/\\\/www.centrixdental.eu\\\/de\\\/wp-content\\\/uploads\\\/sites\\\/10\\\/2024\\\/05\\\/encore-dc-minimix-with-gun.png?ver=1720633724\",\"contentUrl\":\"https:\\\/\\\/www.centrixdental.eu\\\/de\\\/wp-content\\\/uploads\\\/sites\\\/10\\\/2024\\\/05\\\/encore-dc-minimix-with-gun.png?ver=1720633724\",\"width\":1260,\"height\":1260},{\"@type\":\"BreadcrumbList\",\"@id\":\"https:\\\/\\\/www.centrixdental.eu\\\/de\\\/produkt\\\/encore-dc-minimix\\\/#breadcrumb\",\"itemListElement\":[{\"@type\":\"ListItem\",\"position\":1,\"name\":\"Home\",\"item\":\"https:\\\/\\\/www.centrixdental.eu\\\/de\\\/\"},{\"@type\":\"ListItem\",\"position\":2,\"name\":\"Shop All\",\"item\":\"https:\\\/\\\/www.centrixdental.eu\\\/de\\\/produkte\\\/\"},{\"@type\":\"ListItem\",\"position\":3,\"name\":\"Encore D\\\/C MiniMix\"}]},{\"@type\":\"WebSite\",\"@id\":\"https:\\\/\\\/www.centrixdental.eu\\\/de\\\/#website\",\"url\":\"https:\\\/\\\/www.centrixdental.eu\\\/de\\\/\",\"name\":\"Centrix Dental Deutschland\",\"description\":\"Making dentistry easier\u2122\",\"publisher\":{\"@id\":\"https:\\\/\\\/www.centrixdental.eu\\\/de\\\/#organization\"},\"potentialAction\":[{\"@type\":\"SearchAction\",\"target\":{\"@type\":\"EntryPoint\",\"urlTemplate\":\"https:\\\/\\\/www.centrixdental.eu\\\/de\\\/?s={search_term_string}\"},\"query-input\":{\"@type\":\"PropertyValueSpecification\",\"valueRequired\":true,\"valueName\":\"search_term_string\"}}],\"inLanguage\":\"de-DE\"},{\"@type\":\"Organization\",\"@id\":\"https:\\\/\\\/www.centrixdental.eu\\\/de\\\/#organization\",\"name\":\"Centrix\",\"url\":\"https:\\\/\\\/www.centrixdental.eu\\\/de\\\/\",\"logo\":{\"@type\":\"ImageObject\",\"inLanguage\":\"de-DE\",\"@id\":\"https:\\\/\\\/www.centrixdental.eu\\\/de\\\/#\\\/schema\\\/logo\\\/image\\\/\",\"url\":\"https:\\\/\\\/www.centrixdental.eu\\\/de\\\/wp-content\\\/uploads\\\/sites\\\/10\\\/2024\\\/05\\\/centrix-making-dentistry-easier.png?ver=1719584090\",\"contentUrl\":\"https:\\\/\\\/www.centrixdental.eu\\\/de\\\/wp-content\\\/uploads\\\/sites\\\/10\\\/2024\\\/05\\\/centrix-making-dentistry-easier.png?ver=1719584090\",\"width\":300,\"height\":53,\"caption\":\"Centrix\"},\"image\":{\"@id\":\"https:\\\/\\\/www.centrixdental.eu\\\/de\\\/#\\\/schema\\\/logo\\\/image\\\/\"},\"sameAs\":[\"https:\\\/\\\/www.facebook.com\\\/centrixdentalemea\",\"https:\\\/\\\/www.instagram.com\\\/centrixdental_emea\\\/\"]}]}<\/script>\n<meta property=\"og:availability\" content=\"instock\" \/>\n<meta property=\"product:availability\" content=\"instock\" \/>\n<meta property=\"product:condition\" content=\"new\" \/>\n<!-- \/ Yoast SEO Premium plugin. -->","yoast_head_json":{"title":"Encore D\/C MiniMix - Centrix DE","robots":{"index":"index","follow":"follow","max-snippet":"max-snippet:-1","max-image-preview":"max-image-preview:large","max-video-preview":"max-video-preview:-1"},"canonical":"https:\/\/www.centrixdental.eu\/de\/produkt\/encore-dc-minimix\/","og_locale":"de_DE","og_type":"article","og_title":"Encore D\/C MiniMix","og_description":"Encore D\/C macht den Stumpfaufbau einfacher und besser. Mit Encore D\/C, dem dualh\u00e4rtenden Stumpfaufbaumaterial k\u00f6nnen Sie z.B. nur den koronalen [&hellip;]","og_url":"https:\/\/www.centrixdental.eu\/de\/produkt\/encore-dc-minimix\/","og_site_name":"Centrix DE","article_publisher":"https:\/\/www.facebook.com\/centrixdentalemea","article_modified_time":"2026-01-07T15:47:07+00:00","og_image":[{"width":1260,"height":1260,"url":"https:\/\/www.centrixdental.eu\/de\/wp-content\/uploads\/sites\/10\/2024\/05\/encore-dc-minimix-with-gun.png?ver=1720633724","type":"image\/png"}],"twitter_card":"summary_large_image","twitter_misc":{"Verf\u00fcgbarkeit":"Auf Lager"},"schema":{"@context":"https:\/\/schema.org","@graph":[{"@type":["WebPage","ItemPage"],"@id":"https:\/\/www.centrixdental.eu\/de\/produkt\/encore-dc-minimix\/","url":"https:\/\/www.centrixdental.eu\/de\/produkt\/encore-dc-minimix\/","name":"Encore D\/C MiniMix - Centrix DE","isPartOf":{"@id":"https:\/\/www.centrixdental.eu\/de\/#website"},"primaryImageOfPage":{"@id":"https:\/\/www.centrixdental.eu\/de\/produkt\/encore-dc-minimix\/#primaryimage"},"image":{"@id":"https:\/\/www.centrixdental.eu\/de\/produkt\/encore-dc-minimix\/#primaryimage"},"thumbnailUrl":"https:\/\/www.centrixdental.eu\/de\/wp-content\/uploads\/sites\/10\/2024\/05\/encore-dc-minimix-with-gun.png?ver=1720633724","datePublished":"2024-05-13T16:41:53+00:00","dateModified":"2026-01-07T15:47:07+00:00","breadcrumb":{"@id":"https:\/\/www.centrixdental.eu\/de\/produkt\/encore-dc-minimix\/#breadcrumb"},"inLanguage":"de-DE","potentialAction":[{"@type":"ReadAction","target":["https:\/\/www.centrixdental.eu\/de\/produkt\/encore-dc-minimix\/"]}]},{"@type":"ImageObject","inLanguage":"de-DE","@id":"https:\/\/www.centrixdental.eu\/de\/produkt\/encore-dc-minimix\/#primaryimage","url":"https:\/\/www.centrixdental.eu\/de\/wp-content\/uploads\/sites\/10\/2024\/05\/encore-dc-minimix-with-gun.png?ver=1720633724","contentUrl":"https:\/\/www.centrixdental.eu\/de\/wp-content\/uploads\/sites\/10\/2024\/05\/encore-dc-minimix-with-gun.png?ver=1720633724","width":1260,"height":1260},{"@type":"BreadcrumbList","@id":"https:\/\/www.centrixdental.eu\/de\/produkt\/encore-dc-minimix\/#breadcrumb","itemListElement":[{"@type":"ListItem","position":1,"name":"Home","item":"https:\/\/www.centrixdental.eu\/de\/"},{"@type":"ListItem","position":2,"name":"Shop All","item":"https:\/\/www.centrixdental.eu\/de\/produkte\/"},{"@type":"ListItem","position":3,"name":"Encore D\/C MiniMix"}]},{"@type":"WebSite","@id":"https:\/\/www.centrixdental.eu\/de\/#website","url":"https:\/\/www.centrixdental.eu\/de\/","name":"Centrix Dental Deutschland","description":"Making dentistry easier\u2122","publisher":{"@id":"https:\/\/www.centrixdental.eu\/de\/#organization"},"potentialAction":[{"@type":"SearchAction","target":{"@type":"EntryPoint","urlTemplate":"https:\/\/www.centrixdental.eu\/de\/?s={search_term_string}"},"query-input":{"@type":"PropertyValueSpecification","valueRequired":true,"valueName":"search_term_string"}}],"inLanguage":"de-DE"},{"@type":"Organization","@id":"https:\/\/www.centrixdental.eu\/de\/#organization","name":"Centrix","url":"https:\/\/www.centrixdental.eu\/de\/","logo":{"@type":"ImageObject","inLanguage":"de-DE","@id":"https:\/\/www.centrixdental.eu\/de\/#\/schema\/logo\/image\/","url":"https:\/\/www.centrixdental.eu\/de\/wp-content\/uploads\/sites\/10\/2024\/05\/centrix-making-dentistry-easier.png?ver=1719584090","contentUrl":"https:\/\/www.centrixdental.eu\/de\/wp-content\/uploads\/sites\/10\/2024\/05\/centrix-making-dentistry-easier.png?ver=1719584090","width":300,"height":53,"caption":"Centrix"},"image":{"@id":"https:\/\/www.centrixdental.eu\/de\/#\/schema\/logo\/image\/"},"sameAs":["https:\/\/www.facebook.com\/centrixdentalemea","https:\/\/www.instagram.com\/centrixdental_emea\/"]}]},"og_availability":"instock","product_availability":"instock","product_condition":"new"},"_links":{"self":[{"href":"https:\/\/www.centrixdental.eu\/de\/wp-json\/wp\/v2\/product\/1467","targetHints":{"allow":["GET"]}}],"collection":[{"href":"https:\/\/www.centrixdental.eu\/de\/wp-json\/wp\/v2\/product"}],"about":[{"href":"https:\/\/www.centrixdental.eu\/de\/wp-json\/wp\/v2\/types\/product"}],"replies":[{"embeddable":true,"href":"https:\/\/www.centrixdental.eu\/de\/wp-json\/wp\/v2\/comments?post=1467"}],"version-history":[{"count":0,"href":"https:\/\/www.centrixdental.eu\/de\/wp-json\/wp\/v2\/product\/1467\/revisions"}],"wp:featuredmedia":[{"embeddable":true,"href":"https:\/\/www.centrixdental.eu\/de\/wp-json\/wp\/v2\/media\/1770"}],"wp:attachment":[{"href":"https:\/\/www.centrixdental.eu\/de\/wp-json\/wp\/v2\/media?parent=1467"}],"wp:term":[{"taxonomy":"product_brand","embeddable":true,"href":"https:\/\/www.centrixdental.eu\/de\/wp-json\/wp\/v2\/product_brand?post=1467"},{"taxonomy":"product_cat","embeddable":true,"href":"https:\/\/www.centrixdental.eu\/de\/wp-json\/wp\/v2\/product_cat?post=1467"},{"taxonomy":"product_tag","embeddable":true,"href":"https:\/\/www.centrixdental.eu\/de\/wp-json\/wp\/v2\/product_tag?post=1467"}],"curies":[{"name":"wp","href":"https:\/\/api.w.org\/{rel}","templated":true}]}}