{"id":3006,"date":"2024-06-03T10:05:09","date_gmt":"2024-06-03T14:05:09","guid":{"rendered":"https:\/\/centrixeu.wpenginepowered.com\/de\/?page_id=3006"},"modified":"2025-06-09T11:25:57","modified_gmt":"2025-06-09T15:25:57","slug":"takehome","status":"publish","type":"page","link":"https:\/\/www.centrixdental.eu\/de\/takehome\/","title":{"rendered":"Anweisungen f\u00fcr zu Hause"},"content":{"rendered":"\t\t<div data-elementor-type=\"wp-page\" data-elementor-id=\"3006\" class=\"elementor elementor-3006\" data-elementor-post-type=\"page\">\n\t\t\t\t<div class=\"elementor-element elementor-element-faa5a75 e-flex e-con-boxed e-con e-parent\" data-id=\"faa5a75\" data-element_type=\"container\" data-e-type=\"container\">\n\t\t\t\t\t<div class=\"e-con-inner\">\n\t\t\t\t\t<\/div>\n\t\t\t\t<\/div>\n\t\t<div class=\"elementor-element elementor-element-47a996c e-flex e-con-boxed e-con e-parent\" data-id=\"47a996c\" data-element_type=\"container\" data-e-type=\"container\">\n\t\t\t\t\t<div class=\"e-con-inner\">\n\t\t<div class=\"elementor-element elementor-element-67dee2e e-con-full e-flex e-con e-child\" data-id=\"67dee2e\" data-element_type=\"container\" data-e-type=\"container\" data-settings=\"{&quot;sticky&quot;:&quot;top&quot;,&quot;sticky_parent&quot;:&quot;yes&quot;,&quot;sticky_on&quot;:[&quot;desktop&quot;,&quot;tablet&quot;,&quot;mobile&quot;],&quot;sticky_offset&quot;:0,&quot;sticky_effects_offset&quot;:0,&quot;sticky_anchor_link_offset&quot;:0}\">\n\t\t\t\t<div class=\"elementor-element elementor-element-80b4ce4 topicList uael-heading-align-left elementor-widget elementor-widget-uael-table-of-contents\" data-id=\"80b4ce4\" data-element_type=\"widget\" data-e-type=\"widget\" data-settings=\"{&quot;scroll_to_top_offset&quot;:{&quot;unit&quot;:&quot;px&quot;,&quot;size&quot;:90,&quot;sizes&quot;:[]},&quot;scroll_offset&quot;:{&quot;unit&quot;:&quot;px&quot;,&quot;size&quot;:90,&quot;sizes&quot;:[]},&quot;scroll_to_top_offset_tablet&quot;:{&quot;unit&quot;:&quot;px&quot;,&quot;size&quot;:&quot;&quot;,&quot;sizes&quot;:[]},&quot;scroll_to_top_offset_mobile&quot;:{&quot;unit&quot;:&quot;px&quot;,&quot;size&quot;:&quot;&quot;,&quot;sizes&quot;:[]},&quot;scroll_offset_tablet&quot;:{&quot;unit&quot;:&quot;px&quot;,&quot;size&quot;:&quot;&quot;,&quot;sizes&quot;:[]},&quot;scroll_offset_mobile&quot;:{&quot;unit&quot;:&quot;px&quot;,&quot;size&quot;:&quot;&quot;,&quot;sizes&quot;:[]},&quot;heading_text_align&quot;:&quot;left&quot;,&quot;heading_bottom_space&quot;:{&quot;unit&quot;:&quot;px&quot;,&quot;size&quot;:&quot;&quot;,&quot;sizes&quot;:[]},&quot;heading_bottom_space_tablet&quot;:{&quot;unit&quot;:&quot;px&quot;,&quot;size&quot;:&quot;&quot;,&quot;sizes&quot;:[]},&quot;heading_bottom_space_mobile&quot;:{&quot;unit&quot;:&quot;px&quot;,&quot;size&quot;:&quot;&quot;,&quot;sizes&quot;:[]},&quot;separator_bottom_space&quot;:{&quot;unit&quot;:&quot;px&quot;,&quot;size&quot;:&quot;&quot;,&quot;sizes&quot;:[]},&quot;separator_bottom_space_tablet&quot;:{&quot;unit&quot;:&quot;px&quot;,&quot;size&quot;:&quot;&quot;,&quot;sizes&quot;:[]},&quot;separator_bottom_space_mobile&quot;:{&quot;unit&quot;:&quot;px&quot;,&quot;size&quot;:&quot;&quot;,&quot;sizes&quot;:[]},&quot;content_between_space&quot;:{&quot;unit&quot;:&quot;px&quot;,&quot;size&quot;:15,&quot;sizes&quot;:[]},&quot;content_between_space_tablet&quot;:{&quot;unit&quot;:&quot;px&quot;,&quot;size&quot;:&quot;&quot;,&quot;sizes&quot;:[]},&quot;content_between_space_mobile&quot;:{&quot;unit&quot;:&quot;px&quot;,&quot;size&quot;:&quot;&quot;,&quot;sizes&quot;:[]}}\" data-widget_type=\"uael-table-of-contents.default\">\n\t\t\t\t<div class=\"elementor-widget-container\">\n\t\t\t\t\t\t\t<div class=\"uael-toc-main-wrapper\" data-headings=\"h2\" >\n\t\t\t<div class=\"uael-toc-wrapper\">\n\t\t\t\t<div class=\"uael-toc-header\">\n\t\t\t\t\t<span class=\"uael-toc-heading elementor-inline-editing\" data-elementor-setting-key=\"heading_title\" data-elementor-inline-editing-toolbar=\"basic\" >Ausw\u00e4hlen Produkt<\/span>\n\t\t\t\t\t\t\t\t\t<\/div>\n\t\t\t\t\t\t\t\t<div class=\"uael-toc-toggle-content\">\n\t\t\t\t\t<div class=\"uael-toc-content-wrapper\">\n\t\t\t\t\t\t\n\t\t\t\t\t\t\t<ul data-toc-headings=\"headings\" class=\"uael-toc-list uael-toc-list-disc\" data-scroll=\"500\" data-scroll-offset=\"90\" data-scroll-to-top-offset=\"90\" ><\/ul>\n\t\t\t\t\t\t\t\t\t\t\t<\/div>\n\t\t\t\t<\/div>\n\t\t\t\t<div class=\"uael-toc-empty-note\">\n\t\t\t\t\t<span>Add a header to begin generating the table of contents<\/span>\n\t\t\t\t<\/div>\n\t\t\t<\/div>\n\t\t\t\t\t\t\t<a id=\"uael-scroll-top\" class=\"uael-scroll-top-icon\">\n\t\t\t\t\t<span class=\"screen-reader-text\">Scroll to Top<\/span>\n\t\t\t\t<\/a>\n\t\t\t\t\t<\/div>\n\t\t\t\t\t\t<\/div>\n\t\t\t\t<\/div>\n\t\t\t\t<\/div>\n\t\t<div class=\"elementor-element elementor-element-a3445aa e-con-full e-flex e-con e-child\" data-id=\"a3445aa\" data-element_type=\"container\" data-e-type=\"container\">\n\t\t\t\t<div class=\"elementor-element elementor-element-a03ecc5 elementor-widget elementor-widget-heading\" data-id=\"a03ecc5\" data-element_type=\"widget\" data-e-type=\"widget\" id=\"fluorodose\" data-widget_type=\"heading.default\">\n\t\t\t\t<div class=\"elementor-widget-container\">\n\t\t\t\t\t<h2 class=\"elementor-heading-title elementor-size-default\">FluoroDose Patientenanweisungen f\u00fcr zu Hause:<\/h2>\t\t\t\t<\/div>\n\t\t\t\t<\/div>\n\t\t\t\t<div class=\"elementor-element elementor-element-cab6eca elementor-align-center elementor-widget elementor-widget-button\" data-id=\"cab6eca\" data-element_type=\"widget\" data-e-type=\"widget\" data-widget_type=\"button.default\">\n\t\t\t\t<div class=\"elementor-widget-container\">\n\t\t\t\t\t\t\t\t\t<div class=\"elementor-button-wrapper\">\n\t\t\t\t\t<a class=\"elementor-button elementor-button-link elementor-size-sm\" href=\"https:\/\/media.centrixdental.com\/hubfs\/ifu-sds\/fluorodose-take-home-ifu.pdf\" target=\"_blank\">\n\t\t\t\t\t\t<span class=\"elementor-button-content-wrapper\">\n\t\t\t\t\t\t\t\t\t<span class=\"elementor-button-text\">Download FluoroDose Take-Home Instructions<\/span>\n\t\t\t\t\t<\/span>\n\t\t\t\t\t<\/a>\n\t\t\t\t<\/div>\n\t\t\t\t\t\t\t\t<\/div>\n\t\t\t\t<\/div>\n\t\t\t\t<div class=\"elementor-element elementor-element-42961c5 elementor-widget elementor-widget-text-editor\" data-id=\"42961c5\" data-element_type=\"widget\" data-e-type=\"widget\" data-widget_type=\"text-editor.default\">\n\t\t\t\t<div class=\"elementor-widget-container\">\n\t\t\t\t\t\t\t\t\t<p style=\"font-weight: 400;\">FluoroDose, ein 5%iges Natriumfluorid-Lack, wurde heute auf Ihre Z\u00e4hne aufgetragen. Diese Behandlung liefert die h\u00f6chstm\u00f6gliche Fluoridkonzentration. Sie sollte ein regelm\u00e4\u00dfiger Bestandteil Ihres umfassenden Mundhygieneprogramms sein.<\/p><p style=\"font-weight: 400;\">Um die maximalen Vorteile der heutigen Behandlung zu erhalten, muss der Lack f\u00fcr die n\u00e4chsten 4 bis 6 Stunden auf Ihren Z\u00e4hnen bleiben. W\u00e4hrend dieser Zeit empfehlen wir Folgendes:<\/p><ul style=\"font-weight: 400;\"><li><strong>Trinken Sie nur kalte Getr\u00e4nke und essen Sie nur kalte, weiche Lebensmittel f\u00fcr die ersten zwei Stunden.<\/strong><\/li><li><strong>Vermeiden Sie alkoholische Getr\u00e4nke.<\/strong><\/li><li><strong>Putzen oder verwenden Sie Zahnseide f\u00fcr mindestens 4 Stunden nicht.<\/strong><\/li><\/ul><p>Nachdem es getrocknet ist, kann \u00fcbersch\u00fcssiger Lack \u201efleckig\u201c erscheinen und von der Zahnoberfl\u00e4che abrutschen. Keine Sorge, dies beeintr\u00e4chtigt die Produktleistung nicht, da sich immer noch eine vollst\u00e4ndige Lackschicht auf Ihren Z\u00e4hnen befindet. Nach 4-6 Stunden kann FluoroDose leicht durch Z\u00e4hneputzen und Sp\u00fclen entfernt werden.<\/p>\t\t\t\t\t\t\t\t<\/div>\n\t\t\t\t<\/div>\n\t\t\t\t<div class=\"elementor-element elementor-element-f436b5a elementor-widget elementor-widget-heading\" data-id=\"f436b5a\" data-element_type=\"widget\" data-e-type=\"widget\" data-widget_type=\"heading.default\">\n\t\t\t\t<div class=\"elementor-widget-container\">\n\t\t\t\t\t<h3 class=\"elementor-heading-title elementor-size-default\">FluoroDose Patient Take-Home Instructions\u200b<\/h3>\t\t\t\t<\/div>\n\t\t\t\t<\/div>\n\t\t\t\t<div class=\"elementor-element elementor-element-1b454a0 elementor-widget elementor-widget-text-editor\" data-id=\"1b454a0\" data-element_type=\"widget\" data-e-type=\"widget\" data-widget_type=\"text-editor.default\">\n\t\t\t\t<div class=\"elementor-widget-container\">\n\t\t\t\t\t\t\t\t\t<p>FluoroDose, a 5% sodium fluoride varnish, was applied to your teeth today. This treatment delivers the highest concentration of fluoride possible. It should be a regular part of your comprehensive oral hygiene program.<\/p><p><span class=\"font-weight:700; display:block;\">To receive the maximum benefits of today&#8217;s treatment, the varnish needs to remain on your teeth for the next 4 to 6 hours. During this time, we recommend the following:<\/span><\/p><ul><li><strong>Drink only cold beverages and eat only cold, soft foods for the first two hours<\/strong><\/li><li><strong>Avoid alcoholic beverages<\/strong><\/li><li><strong>Do not brush or floss your teeth for at least 4 hours<\/strong><\/li><\/ul><p>After it dries, any excess varnish may appear &#8222;spotty&#8220; and may slide off the tooth surface. Do not worry, this will not affect product performance as there is still a full layer of varnish on your teeth. After 4-6 hours, FluoroDose may easily be removed by brushing your teeth and rinsing.<\/p>\t\t\t\t\t\t\t\t<\/div>\n\t\t\t\t<\/div>\n\t\t\t\t<div class=\"elementor-element elementor-element-007be94 elementor-widget-divider--view-line elementor-widget elementor-widget-divider\" data-id=\"007be94\" data-element_type=\"widget\" data-e-type=\"widget\" data-widget_type=\"divider.default\">\n\t\t\t\t<div class=\"elementor-widget-container\">\n\t\t\t\t\t\t\t<div class=\"elementor-divider\">\n\t\t\t<span class=\"elementor-divider-separator\">\n\t\t\t\t\t\t<\/span>\n\t\t<\/div>\n\t\t\t\t\t\t<\/div>\n\t\t\t\t<\/div>\n\t\t\t\t<div class=\"elementor-element elementor-element-6a59222 elementor-widget elementor-widget-heading\" data-id=\"6a59222\" data-element_type=\"widget\" data-e-type=\"widget\" id=\"nomix\" data-widget_type=\"heading.default\">\n\t\t\t\t<div class=\"elementor-widget-container\">\n\t\t\t\t\t<h2 class=\"elementor-heading-title elementor-size-default\">NoMIX Patientenanweisungen f\u00fcr zu Hause:<\/h2>\t\t\t\t<\/div>\n\t\t\t\t<\/div>\n\t\t\t\t<div class=\"elementor-element elementor-element-00dac53 elementor-align-center elementor-widget elementor-widget-button\" data-id=\"00dac53\" data-element_type=\"widget\" data-e-type=\"widget\" data-widget_type=\"button.default\">\n\t\t\t\t<div class=\"elementor-widget-container\">\n\t\t\t\t\t\t\t\t\t<div class=\"elementor-button-wrapper\">\n\t\t\t\t\t<a class=\"elementor-button elementor-button-link elementor-size-sm\" href=\"https:\/\/media.centrixdental.com\/hubfs\/product-downloads\/nomix-take-home-de.pdf\" target=\"_blank\">\n\t\t\t\t\t\t<span class=\"elementor-button-content-wrapper\">\n\t\t\t\t\t\t\t\t\t<span class=\"elementor-button-text\">Download NoMIX Take-Home Instructions<\/span>\n\t\t\t\t\t<\/span>\n\t\t\t\t\t<\/a>\n\t\t\t\t<\/div>\n\t\t\t\t\t\t\t\t<\/div>\n\t\t\t\t<\/div>\n\t\t\t\t<div class=\"elementor-element elementor-element-6cf05b2 elementor-widget elementor-widget-text-editor\" data-id=\"6cf05b2\" data-element_type=\"widget\" data-e-type=\"widget\" data-widget_type=\"text-editor.default\">\n\t\t\t\t<div class=\"elementor-widget-container\">\n\t\t\t\t\t\t\t\t\t<ol><li>Entfernen Sie alten Zement von der Zahnpr\u00e4paration.<\/li><li>Entfernen Sie alten Zement von der Krone.<\/li><li>\u00d6ffnen Sie die Tube und entfernen Sie die Folienversiegelung. Dr\u00fccken Sie eine kleine Menge in die Krone.<\/li><li>Befeuchten Sie die Zahnpr\u00e4paration.<\/li><li>Setzen Sie die Krone wieder in den Mund und schlie\u00dfen Sie den Mund normal.<\/li><li>Essen Sie eine Stunde lang nichts.<\/li><\/ol>\t\t\t\t\t\t\t\t<\/div>\n\t\t\t\t<\/div>\n\t\t\t\t<div class=\"elementor-element elementor-element-3ed31d5 elementor-widget elementor-widget-heading\" data-id=\"3ed31d5\" data-element_type=\"widget\" data-e-type=\"widget\" data-widget_type=\"heading.default\">\n\t\t\t\t<div class=\"elementor-widget-container\">\n\t\t\t\t\t<h3 class=\"elementor-heading-title elementor-size-default\">NoMIX Patient Take-Home Instructions<\/h3>\t\t\t\t<\/div>\n\t\t\t\t<\/div>\n\t\t\t\t<div class=\"elementor-element elementor-element-635548d elementor-widget elementor-widget-text-editor\" data-id=\"635548d\" data-element_type=\"widget\" data-e-type=\"widget\" data-widget_type=\"text-editor.default\">\n\t\t\t\t<div class=\"elementor-widget-container\">\n\t\t\t\t\t\t\t\t\t<ol><li>Clean old cement from tooth prep.<\/li><li>Clean old cement from crown.<\/li><li>Open tube and remove foil seal. Squeeze a small amount inside of crown.<\/li><li>Moisten tooth prep.<\/li><li>Set crown back into mouth and close mouth normally.<\/li><li>Do not eat for 1 hour.<\/li><\/ol>\t\t\t\t\t\t\t\t<\/div>\n\t\t\t\t<\/div>\n\t\t\t\t<\/div>\n\t\t\t\t\t<\/div>\n\t\t\t\t<\/div>\n\t\t\t\t<\/div>\n\t\t","protected":false},"excerpt":{"rendered":"<p>Ausw\u00e4hlen Produkt Add a header to begin generating the table of contents Scroll to Top FluoroDose Patientenanweisungen f\u00fcr zu Hause: [&hellip;]<\/p>\n","protected":false},"author":2,"featured_media":0,"parent":0,"menu_order":0,"comment_status":"closed","ping_status":"closed","template":"","meta":{"_acf_changed":false,"content-type":"","site-sidebar-layout":"no-sidebar","site-content-layout":"","ast-site-content-layout":"full-width-container","site-content-style":"default","site-sidebar-style":"default","ast-global-header-display":"","ast-banner-title-visibility":"","ast-main-header-display":"","ast-hfb-above-header-display":"","ast-hfb-below-header-display":"","ast-hfb-mobile-header-display":"","site-post-title":"disabled","ast-breadcrumbs-content":"","ast-featured-img":"disabled","footer-sml-layout":"","ast-disable-related-posts":"","theme-transparent-header-meta":"","adv-header-id-meta":"","stick-header-meta":"","header-above-stick-meta":"","header-main-stick-meta":"","header-below-stick-meta":"","astra-migrate-meta-layouts":"default","ast-page-background-enabled":"default","ast-page-background-meta":{"desktop":{"background-color":"var(--ast-global-color-4)","background-image":"","background-repeat":"repeat","background-position":"center center","background-size":"auto","background-attachment":"scroll","background-type":"","background-media":"","overlay-type":"","overlay-color":"","overlay-opacity":"","overlay-gradient":""},"tablet":{"background-color":"","background-image":"","background-repeat":"repeat","background-position":"center center","background-size":"auto","background-attachment":"scroll","background-type":"","background-media":"","overlay-type":"","overlay-color":"","overlay-opacity":"","overlay-gradient":""},"mobile":{"background-color":"","background-image":"","background-repeat":"repeat","background-position":"center center","background-size":"auto","background-attachment":"scroll","background-type":"","background-media":"","overlay-type":"","overlay-color":"","overlay-opacity":"","overlay-gradient":""}},"ast-content-background-meta":{"desktop":{"background-color":"var(--ast-global-color-5)","background-image":"","background-repeat":"repeat","background-position":"center center","background-size":"auto","background-attachment":"scroll","background-type":"","background-media":"","overlay-type":"","overlay-color":"","overlay-opacity":"","overlay-gradient":""},"tablet":{"background-color":"var(--ast-global-color-5)","background-image":"","background-repeat":"repeat","background-position":"center center","background-size":"auto","background-attachment":"scroll","background-type":"","background-media":"","overlay-type":"","overlay-color":"","overlay-opacity":"","overlay-gradient":""},"mobile":{"background-color":"var(--ast-global-color-5)","background-image":"","background-repeat":"repeat","background-position":"center center","background-size":"auto","background-attachment":"scroll","background-type":"","background-media":"","overlay-type":"","overlay-color":"","overlay-opacity":"","overlay-gradient":""}},"ep_exclude_from_search":false,"footnotes":""},"folder":[189],"class_list":["post-3006","page","type-page","status-publish","hentry"],"acf":[],"yoast_head":"<!-- This site is optimized with the Yoast SEO Premium plugin v25.4 (Yoast SEO v27.4) - https:\/\/yoast.com\/product\/yoast-seo-premium-wordpress\/ -->\n<title>FluoroDose and NoMix Take-Home Instructions for Patients - Centrix DE<\/title>\n<meta name=\"description\" content=\"Printable take-home instructions for dental patients using FluoroDose Fluoride varnish and NoMIX Temporary Cement.\" \/>\n<meta name=\"robots\" content=\"index, follow, max-snippet:-1, max-image-preview:large, max-video-preview:-1\" \/>\n<link rel=\"canonical\" href=\"https:\/\/www.centrixdental.eu\/de\/takehome\/\" \/>\n<meta property=\"og:locale\" content=\"de_DE\" \/>\n<meta property=\"og:type\" content=\"article\" \/>\n<meta property=\"og:title\" content=\"Anweisungen f\u00fcr zu Hause\" \/>\n<meta property=\"og:description\" content=\"Printable take-home instructions for dental patients using FluoroDose Fluoride varnish and NoMIX Temporary Cement.\" \/>\n<meta property=\"og:url\" content=\"https:\/\/www.centrixdental.eu\/de\/takehome\/\" \/>\n<meta property=\"og:site_name\" content=\"Centrix DE\" \/>\n<meta property=\"article:publisher\" content=\"https:\/\/www.facebook.com\/centrixdentalemea\" \/>\n<meta property=\"article:modified_time\" content=\"2025-06-09T15:25:57+00:00\" \/>\n<meta property=\"og:image\" content=\"https:\/\/www.centrixdental.eu\/de\/wp-content\/uploads\/sites\/10\/2024\/08\/patient-take-home-instructions-nomix-fluorodose.jpg\" \/>\n\t<meta property=\"og:image:width\" content=\"1200\" \/>\n\t<meta property=\"og:image:height\" content=\"627\" \/>\n\t<meta property=\"og:image:type\" content=\"image\/jpeg\" \/>\n<meta name=\"twitter:card\" content=\"summary_large_image\" \/>\n<meta name=\"twitter:label1\" content=\"Est. reading time\" \/>\n\t<meta name=\"twitter:data1\" content=\"3 Minuten\" \/>\n<script type=\"application\/ld+json\" class=\"yoast-schema-graph\">{\"@context\":\"https:\\\/\\\/schema.org\",\"@graph\":[{\"@type\":\"WebPage\",\"@id\":\"https:\\\/\\\/www.centrixdental.eu\\\/de\\\/takehome\\\/\",\"url\":\"https:\\\/\\\/www.centrixdental.eu\\\/de\\\/takehome\\\/\",\"name\":\"FluoroDose and NoMix Take-Home Instructions for Patients - Centrix DE\",\"isPartOf\":{\"@id\":\"https:\\\/\\\/www.centrixdental.eu\\\/de\\\/#website\"},\"datePublished\":\"2024-06-03T14:05:09+00:00\",\"dateModified\":\"2025-06-09T15:25:57+00:00\",\"description\":\"Printable take-home instructions for dental patients using FluoroDose Fluoride varnish and NoMIX Temporary Cement.\",\"breadcrumb\":{\"@id\":\"https:\\\/\\\/www.centrixdental.eu\\\/de\\\/takehome\\\/#breadcrumb\"},\"inLanguage\":\"de-DE\",\"potentialAction\":[{\"@type\":\"ReadAction\",\"target\":[\"https:\\\/\\\/www.centrixdental.eu\\\/de\\\/takehome\\\/\"]}]},{\"@type\":\"BreadcrumbList\",\"@id\":\"https:\\\/\\\/www.centrixdental.eu\\\/de\\\/takehome\\\/#breadcrumb\",\"itemListElement\":[{\"@type\":\"ListItem\",\"position\":1,\"name\":\"Home\",\"item\":\"https:\\\/\\\/www.centrixdental.eu\\\/de\\\/\"},{\"@type\":\"ListItem\",\"position\":2,\"name\":\"Anweisungen f\u00fcr zu Hause\"}]},{\"@type\":\"WebSite\",\"@id\":\"https:\\\/\\\/www.centrixdental.eu\\\/de\\\/#website\",\"url\":\"https:\\\/\\\/www.centrixdental.eu\\\/de\\\/\",\"name\":\"Centrix Dental Deutschland\",\"description\":\"Making dentistry easier\u2122\",\"publisher\":{\"@id\":\"https:\\\/\\\/www.centrixdental.eu\\\/de\\\/#organization\"},\"potentialAction\":[{\"@type\":\"SearchAction\",\"target\":{\"@type\":\"EntryPoint\",\"urlTemplate\":\"https:\\\/\\\/www.centrixdental.eu\\\/de\\\/?s={search_term_string}\"},\"query-input\":{\"@type\":\"PropertyValueSpecification\",\"valueRequired\":true,\"valueName\":\"search_term_string\"}}],\"inLanguage\":\"de-DE\"},{\"@type\":\"Organization\",\"@id\":\"https:\\\/\\\/www.centrixdental.eu\\\/de\\\/#organization\",\"name\":\"Centrix\",\"url\":\"https:\\\/\\\/www.centrixdental.eu\\\/de\\\/\",\"logo\":{\"@type\":\"ImageObject\",\"inLanguage\":\"de-DE\",\"@id\":\"https:\\\/\\\/www.centrixdental.eu\\\/de\\\/#\\\/schema\\\/logo\\\/image\\\/\",\"url\":\"https:\\\/\\\/www.centrixdental.eu\\\/de\\\/wp-content\\\/uploads\\\/sites\\\/10\\\/2024\\\/05\\\/centrix-making-dentistry-easier.png?ver=1719584090\",\"contentUrl\":\"https:\\\/\\\/www.centrixdental.eu\\\/de\\\/wp-content\\\/uploads\\\/sites\\\/10\\\/2024\\\/05\\\/centrix-making-dentistry-easier.png?ver=1719584090\",\"width\":300,\"height\":53,\"caption\":\"Centrix\"},\"image\":{\"@id\":\"https:\\\/\\\/www.centrixdental.eu\\\/de\\\/#\\\/schema\\\/logo\\\/image\\\/\"},\"sameAs\":[\"https:\\\/\\\/www.facebook.com\\\/centrixdentalemea\",\"https:\\\/\\\/www.instagram.com\\\/centrixdental_emea\\\/\"]}]}<\/script>\n<!-- \/ Yoast SEO Premium plugin. -->","yoast_head_json":{"title":"FluoroDose and NoMix Take-Home Instructions for Patients - Centrix DE","description":"Printable take-home instructions for dental patients using FluoroDose Fluoride varnish and NoMIX Temporary Cement.","robots":{"index":"index","follow":"follow","max-snippet":"max-snippet:-1","max-image-preview":"max-image-preview:large","max-video-preview":"max-video-preview:-1"},"canonical":"https:\/\/www.centrixdental.eu\/de\/takehome\/","og_locale":"de_DE","og_type":"article","og_title":"Anweisungen f\u00fcr zu Hause","og_description":"Printable take-home instructions for dental patients using FluoroDose Fluoride varnish and NoMIX Temporary Cement.","og_url":"https:\/\/www.centrixdental.eu\/de\/takehome\/","og_site_name":"Centrix DE","article_publisher":"https:\/\/www.facebook.com\/centrixdentalemea","article_modified_time":"2025-06-09T15:25:57+00:00","og_image":[{"width":1200,"height":627,"url":"https:\/\/www.centrixdental.eu\/de\/wp-content\/uploads\/sites\/10\/2024\/08\/patient-take-home-instructions-nomix-fluorodose.jpg","type":"image\/jpeg"}],"twitter_card":"summary_large_image","twitter_misc":{"Est. reading time":"3 Minuten"},"schema":{"@context":"https:\/\/schema.org","@graph":[{"@type":"WebPage","@id":"https:\/\/www.centrixdental.eu\/de\/takehome\/","url":"https:\/\/www.centrixdental.eu\/de\/takehome\/","name":"FluoroDose and NoMix Take-Home Instructions for Patients - Centrix DE","isPartOf":{"@id":"https:\/\/www.centrixdental.eu\/de\/#website"},"datePublished":"2024-06-03T14:05:09+00:00","dateModified":"2025-06-09T15:25:57+00:00","description":"Printable take-home instructions for dental patients using FluoroDose Fluoride varnish and NoMIX Temporary Cement.","breadcrumb":{"@id":"https:\/\/www.centrixdental.eu\/de\/takehome\/#breadcrumb"},"inLanguage":"de-DE","potentialAction":[{"@type":"ReadAction","target":["https:\/\/www.centrixdental.eu\/de\/takehome\/"]}]},{"@type":"BreadcrumbList","@id":"https:\/\/www.centrixdental.eu\/de\/takehome\/#breadcrumb","itemListElement":[{"@type":"ListItem","position":1,"name":"Home","item":"https:\/\/www.centrixdental.eu\/de\/"},{"@type":"ListItem","position":2,"name":"Anweisungen f\u00fcr zu Hause"}]},{"@type":"WebSite","@id":"https:\/\/www.centrixdental.eu\/de\/#website","url":"https:\/\/www.centrixdental.eu\/de\/","name":"Centrix Dental Deutschland","description":"Making dentistry easier\u2122","publisher":{"@id":"https:\/\/www.centrixdental.eu\/de\/#organization"},"potentialAction":[{"@type":"SearchAction","target":{"@type":"EntryPoint","urlTemplate":"https:\/\/www.centrixdental.eu\/de\/?s={search_term_string}"},"query-input":{"@type":"PropertyValueSpecification","valueRequired":true,"valueName":"search_term_string"}}],"inLanguage":"de-DE"},{"@type":"Organization","@id":"https:\/\/www.centrixdental.eu\/de\/#organization","name":"Centrix","url":"https:\/\/www.centrixdental.eu\/de\/","logo":{"@type":"ImageObject","inLanguage":"de-DE","@id":"https:\/\/www.centrixdental.eu\/de\/#\/schema\/logo\/image\/","url":"https:\/\/www.centrixdental.eu\/de\/wp-content\/uploads\/sites\/10\/2024\/05\/centrix-making-dentistry-easier.png?ver=1719584090","contentUrl":"https:\/\/www.centrixdental.eu\/de\/wp-content\/uploads\/sites\/10\/2024\/05\/centrix-making-dentistry-easier.png?ver=1719584090","width":300,"height":53,"caption":"Centrix"},"image":{"@id":"https:\/\/www.centrixdental.eu\/de\/#\/schema\/logo\/image\/"},"sameAs":["https:\/\/www.facebook.com\/centrixdentalemea","https:\/\/www.instagram.com\/centrixdental_emea\/"]}]}},"_links":{"self":[{"href":"https:\/\/www.centrixdental.eu\/de\/wp-json\/wp\/v2\/pages\/3006","targetHints":{"allow":["GET"]}}],"collection":[{"href":"https:\/\/www.centrixdental.eu\/de\/wp-json\/wp\/v2\/pages"}],"about":[{"href":"https:\/\/www.centrixdental.eu\/de\/wp-json\/wp\/v2\/types\/page"}],"author":[{"embeddable":true,"href":"https:\/\/www.centrixdental.eu\/de\/wp-json\/wp\/v2\/users\/2"}],"replies":[{"embeddable":true,"href":"https:\/\/www.centrixdental.eu\/de\/wp-json\/wp\/v2\/comments?post=3006"}],"version-history":[{"count":0,"href":"https:\/\/www.centrixdental.eu\/de\/wp-json\/wp\/v2\/pages\/3006\/revisions"}],"wp:attachment":[{"href":"https:\/\/www.centrixdental.eu\/de\/wp-json\/wp\/v2\/media?parent=3006"}],"wp:term":[{"taxonomy":"folder","embeddable":true,"href":"https:\/\/www.centrixdental.eu\/de\/wp-json\/wp\/v2\/folder?post=3006"}],"curies":[{"name":"wp","href":"https:\/\/api.w.org\/{rel}","templated":true}]}}